{"id":11455,"date":"2026-03-25T10:42:03","date_gmt":"2026-03-25T10:42:03","guid":{"rendered":"http:\/\/178.104.60.165\/contato\/"},"modified":"2026-03-25T10:42:04","modified_gmt":"2026-03-25T10:42:04","slug":"contato","status":"publish","type":"page","link":"https:\/\/topsters.com\/pt-br\/contato\/","title":{"rendered":"Contato"},"content":{"rendered":"\n<h2 class=\"wp-block-heading\"><strong>Tem alguma d\u00favida, sugest\u00e3o ou feedback?<\/strong><\/h2>\n\n<p>O objetivo do Topsters.com\/pt-br \u00e9 fornecer informa\u00e7\u00f5es confi\u00e1veis, dicas e an\u00e1lises para apostadores esportivos. Se voc\u00ea tiver alguma d\u00favida ou quiser nos enviar feedback sobre o conte\u00fado do site, entre em contato conosco.<\/p>\n\n<h2 class=\"wp-block-heading\">Entre em contato por e-mail<\/h2>\n\n<p>Se voc\u00ea tiver alguma observa\u00e7\u00e3o, d\u00favida t\u00e9cnica ou proposta de parceria, entre em contato conosco:<\/p>\n\n<p><strong>E-mail:<\/strong> <a>info@topsters.com<\/a><br\/><br\/>Nosso objetivo \u00e9 responder a todas as mensagens <strong>dentro de 24 a 48 horas.<\/strong><\/p>\n\n<h2 class=\"wp-block-heading\">Siga-nos no Facebook<\/h2>\n\n<p>Fique atualizado com as \u00faltimas dicas de apostas esportivas, an\u00e1lises e avalia\u00e7\u00f5es de casas de apostas:<\/p>\n\n<p><strong>P\u00e1gina do Facebook:<\/strong> <a href=\"https:\/\/www.facebook.com\/profile.php?id=100065038530261\">Topsters.com Faceboo<\/a><a>k<\/a><\/p>\n\n<p>Voc\u00ea tamb\u00e9m pode nos enviar uma mensagem por l\u00e1 se tiver uma pergunta r\u00e1pida.<\/p>\n\n<h2 class=\"wp-block-heading\">Por que vale a pena entrar em contato conosco?<\/h2>\n\n<ul class=\"wp-block-list\">\n<li>Ajudamos voc\u00ea a se orientar no mundo das apostas esportivas<\/li>\n\n\n\n<li>Respondemos a todas as suas d\u00favidas sobre casas de apostas<\/li>\n\n\n\n<li>Recebemos com prazer dicas e sugest\u00f5es de artigos<\/li>\n\n\n\n<li>Ajudamos a melhorar sua experi\u00eancia como usu\u00e1rio<\/li>\n<\/ul>\n","protected":false},"excerpt":{"rendered":"<p>Tem alguma d\u00favida, sugest\u00e3o ou feedback? O objetivo do Topsters.com\/pt-br \u00e9 fornecer informa\u00e7\u00f5es confi\u00e1veis, dicas e an\u00e1lises para apostadores esportivos. Se voc\u00ea tiver alguma d\u00favida ou quiser nos enviar feedback sobre o conte\u00fado do site, entre em contato conosco. Entre em contato por e-mail Se voc\u00ea tiver alguma observa\u00e7\u00e3o, d\u00favida t\u00e9cnica ou proposta de parceria, [&hellip;]<\/p>\n","protected":false},"author":2,"featured_media":0,"parent":0,"menu_order":0,"comment_status":"closed","ping_status":"closed","template":"","meta":{"_acf_changed":false,"footnotes":""},"class_list":["post-11455","page","type-page","status-publish","hentry"],"acf":[],"aioseo_notices":[],"_links":{"self":[{"href":"https:\/\/topsters.com\/pt-br\/wp-json\/wp\/v2\/pages\/11455","targetHints":{"allow":["GET"]}}],"collection":[{"href":"https:\/\/topsters.com\/pt-br\/wp-json\/wp\/v2\/pages"}],"about":[{"href":"https:\/\/topsters.com\/pt-br\/wp-json\/wp\/v2\/types\/page"}],"author":[{"embeddable":true,"href":"https:\/\/topsters.com\/pt-br\/wp-json\/wp\/v2\/users\/2"}],"replies":[{"embeddable":true,"href":"https:\/\/topsters.com\/pt-br\/wp-json\/wp\/v2\/comments?post=11455"}],"version-history":[{"count":1,"href":"https:\/\/topsters.com\/pt-br\/wp-json\/wp\/v2\/pages\/11455\/revisions"}],"predecessor-version":[{"id":11456,"href":"https:\/\/topsters.com\/pt-br\/wp-json\/wp\/v2\/pages\/11455\/revisions\/11456"}],"wp:attachment":[{"href":"https:\/\/topsters.com\/pt-br\/wp-json\/wp\/v2\/media?parent=11455"}],"curies":[{"name":"wp","href":"https:\/\/api.w.org\/{rel}","templated":true}]}}