{"id":11449,"date":"2026-03-25T10:41:49","date_gmt":"2026-03-25T10:41:49","guid":{"rendered":"http:\/\/178.104.60.165\/declaracao-de-afiliados\/"},"modified":"2026-03-25T10:41:50","modified_gmt":"2026-03-25T10:41:50","slug":"declaracao-de-afiliados","status":"publish","type":"page","link":"https:\/\/topsters.com\/pt-br\/declaracao-de-afiliados\/","title":{"rendered":"Declara\u00e7\u00e3o de afiliados"},"content":{"rendered":"\n<p><strong>O Topsters.com \u00e9 um site independente de informa\u00e7\u00f5es sobre apostas esportivas que produz guias objetivos, avalia\u00e7\u00f5es e conte\u00fados especializados. Alguns dos links encontrados no site s\u00e3o <em>links de afiliados<\/em>, o que significa que podemos receber uma comiss\u00e3o se um usu\u00e1rio se registrar ou realizar uma transa\u00e7\u00e3o em um de nossos parceiros.<\/strong><\/p>\n\n<h3 class=\"wp-block-heading\">O que isso significa para o usu\u00e1rio?<\/h3>\n\n<ul class=\"wp-block-list\">\n<li>A comiss\u00e3o \u00e9 recebida pelo Topsters.com, <strong>sem nenhum custo adicional para voc\u00ea.<\/strong><\/li>\n\n\n\n<li>A comiss\u00e3o de afiliados <strong>n\u00e3o influencia<\/strong> nossas avalia\u00e7\u00f5es, guias ou rankings.<\/li>\n\n\n\n<li>Todas as casas de apostas s\u00e3o avaliadas com base em <strong>crit\u00e9rios independentes<\/strong><\/li>\n<\/ul>\n\n<h3 class=\"wp-block-heading\">Por que usamos links de afiliados?<\/h3>\n\n<p>A opera\u00e7\u00e3o do <a href=\"https:\/\/topsters.com\/hu\/topsters-com-sportfogadas-szakertoktol-valodi-tapasztalattal\/\">Topsters.com<\/a> envolve custos \u2013 desenvolvimento, produ\u00e7\u00e3o de conte\u00fado, revis\u00e3o especializada. As parcerias de afiliados nos permitem continuar oferecendo conte\u00fado gratuito e de alta qualidade aos usu\u00e1rios.<\/p>\n\n<h3 class=\"wp-block-heading\">Como escolhemos nossos parceiros?<\/h3>\n\n<p>Trabalhamos exclusivamente com prestadores de servi\u00e7os que:<\/p>\n\n<ul class=\"wp-block-list\">\n<li>possuem as licen\u00e7as de opera\u00e7\u00e3o necess\u00e1rias,<\/li>\n\n\n\n<li>s\u00e3o confi\u00e1veis e transparentes,<\/li>\n\n\n\n<li>atendem aos requisitos de jogo respons\u00e1vel,<\/li>\n\n\n\n<li>oferecem solu\u00e7\u00f5es de pagamento seguras<\/li>\n<\/ul>\n\n<h3 class=\"wp-block-heading\">Objetividade e transpar\u00eancia<\/h3>\n\n<p>Nossa miss\u00e3o \u00e9 fornecer informa\u00e7\u00f5es reais e fundamentadas profissionalmente. Para isso:<\/p>\n\n<ul class=\"wp-block-list\">\n<li><strong>todas as avalia\u00e7\u00f5es s\u00e3o verificadas por especialistas,<\/strong><\/li>\n\n\n\n<li>o link de afiliado <strong>n\u00e3o influencia<\/strong> quais prestadores de servi\u00e7os recomendamos,<\/li>\n\n\n\n<li>os links de afiliados s\u00e3o indicados em todo conte\u00fado onde necess\u00e1rio,<\/li>\n\n\n\n<li>reservamo-nos o direito de modificar ou remover conte\u00fado se o servi\u00e7o do parceiro se deteriorar ou n\u00e3o cumprir as regulamenta\u00e7\u00f5es.<\/li>\n<\/ul>\n\n<h3 class=\"wp-block-heading\"><strong>Jogo respons\u00e1vel<\/strong><\/h3>\n\n<p>Todo nosso conte\u00fado \u00e9 preparado de acordo com <a href=\"http:\/\/www.begambleaware.org\/\">os princ\u00edpios do jogo respons\u00e1vel<\/a>. N\u00e3o incentivamos apostas excessivas ou irrespons\u00e1veis e enfatizamos em todas as nossas p\u00e1ginas que apenas jogadores maiores de 18 anos podem apostar.<\/p>\n\n<h3 class=\"wp-block-heading\"><strong>Contato<\/strong><\/h3>\n\n<p>Se voc\u00ea tiver d\u00favidas sobre nossas rela\u00e7\u00f5es de afiliados, parcerias ou pol\u00edtica de transpar\u00eancia, escreva para n\u00f3s no endere\u00e7o info@topsters.com<\/p>\n","protected":false},"excerpt":{"rendered":"<p>O Topsters.com \u00e9 um site independente de informa\u00e7\u00f5es sobre apostas esportivas que produz guias objetivos, avalia\u00e7\u00f5es e conte\u00fados especializados. Alguns dos links encontrados no site s\u00e3o links de afiliados, o que significa que podemos receber uma comiss\u00e3o se um usu\u00e1rio se registrar ou realizar uma transa\u00e7\u00e3o em um de nossos parceiros. O que isso significa [&hellip;]<\/p>\n","protected":false},"author":2,"featured_media":0,"parent":0,"menu_order":0,"comment_status":"closed","ping_status":"closed","template":"","meta":{"_acf_changed":false,"footnotes":""},"class_list":["post-11449","page","type-page","status-publish","hentry"],"acf":[],"aioseo_notices":[],"_links":{"self":[{"href":"https:\/\/topsters.com\/pt-br\/wp-json\/wp\/v2\/pages\/11449","targetHints":{"allow":["GET"]}}],"collection":[{"href":"https:\/\/topsters.com\/pt-br\/wp-json\/wp\/v2\/pages"}],"about":[{"href":"https:\/\/topsters.com\/pt-br\/wp-json\/wp\/v2\/types\/page"}],"author":[{"embeddable":true,"href":"https:\/\/topsters.com\/pt-br\/wp-json\/wp\/v2\/users\/2"}],"replies":[{"embeddable":true,"href":"https:\/\/topsters.com\/pt-br\/wp-json\/wp\/v2\/comments?post=11449"}],"version-history":[{"count":1,"href":"https:\/\/topsters.com\/pt-br\/wp-json\/wp\/v2\/pages\/11449\/revisions"}],"predecessor-version":[{"id":11450,"href":"https:\/\/topsters.com\/pt-br\/wp-json\/wp\/v2\/pages\/11449\/revisions\/11450"}],"wp:attachment":[{"href":"https:\/\/topsters.com\/pt-br\/wp-json\/wp\/v2\/media?parent=11449"}],"curies":[{"name":"wp","href":"https:\/\/api.w.org\/{rel}","templated":true}]}}