{"id":11443,"date":"2026-02-23T10:07:05","date_gmt":"2026-02-23T10:07:05","guid":{"rendered":"http:\/\/178.104.60.165\/sobre-nos\/"},"modified":"2026-03-25T10:41:38","modified_gmt":"2026-03-25T10:41:38","slug":"sobre-nos","status":"publish","type":"page","link":"https:\/\/topsters.com\/pt-br\/sobre-nos\/","title":{"rendered":"Sobre n\u00f3s"},"content":{"rendered":"\n<p class=\"has-medium-font-size\"><strong>A Topsters.com \u00e9 uma plataforma internacional independente de apostas esportivas, cujo objetivo \u00e9 ajudar os jogadores a tomar decis\u00f5es respons\u00e1veis com an\u00e1lises confi\u00e1veis, informa\u00e7\u00f5es atualizadas e experi\u00eancia especializada genu\u00edna.<\/strong><\/p>\n\n\n<h2 class=\"wp-block-heading\">Quem somos?<\/h2>\n\n\n\n<p>A equipe da Topsters.com \u00e9 formada por especialistas em apostas esportivas, analistas e criadores de conte\u00fado com mais de 10 anos de experi\u00eancia no mercado internacional de apostas.<\/p>\n\n\n\n<p>Nossa miss\u00e3o \u00e9:<\/p>\n\n\n\n<ul class=\"wp-block-list\">\n<li>fornecer informa\u00e7\u00f5es transparentes,<\/li>\n\n\n\n<li>tornar as casas de apostas compar\u00e1veis entre si,<\/li>\n\n\n\n<li>ajudar os jogadores a tomar decis\u00f5es respons\u00e1veis,<\/li>\n\n\n\n<li>oferecer avalia\u00e7\u00f5es objetivas e sem publicidade.<\/li>\n<\/ul>\n\n\n\n<h2 class=\"wp-block-heading\">O que fazemos?<\/h2>\n\n\n\n<h3 class=\"wp-block-heading\">1. Avalia\u00e7\u00f5es de casas de apostas<\/h3>\n\n\n\n<p>Comparamos as <a href=\"\/hu?page_id=22245\" title=\"\">casas de apostas mais populares<\/a>, levando em conta:<\/p>\n\n\n\n<ul class=\"wp-block-list\">\n<li>b\u00f4nus<\/li>\n\n\n\n<li>qualidade das odds<\/li>\n\n\n\n<li>licenciamento<\/li>\n\n\n\n<li>aplicativo m\u00f3vel<\/li>\n\n\n\n<li>m\u00e9todos de dep\u00f3sito<\/li>\n\n\n\n<li>oferta de apostas<\/li>\n<\/ul>\n\n\n\n<h3 class=\"wp-block-heading\">2. Dicas e an\u00e1lises de apostas esportivas<\/h3>\n\n\n\n<p>Nossos analistas experientes compartilham diariamente dicas atualizadas e previs\u00f5es baseadas em estat\u00edsticas.<\/p>\n\n\n\n<h3 class=\"wp-block-heading\">3. Guias abrangentes e conte\u00fados educativos<\/h3>\n\n\n\n<p>Ajudamos iniciantes e usu\u00e1rios avan\u00e7ados a entender os fundamentos das apostas, os riscos e as estrat\u00e9gias.<\/p>\n\n\n\n<h2 class=\"wp-block-heading\">Como trabalhamos?<\/h2>\n\n\n\n<ul class=\"wp-block-list\">\n<li>Utilizamos dados estat\u00edsticos reais<\/li>\n\n\n\n<li>Verificamos informa\u00e7\u00f5es a partir de m\u00faltiplas fontes<\/li>\n\n\n\n<li>Todo conte\u00fado \u00e9 revisado por especialistas<\/li>\n\n\n\n<li>Atualizamos regularmente<\/li>\n\n\n\n<li>Comunicamos de forma transparente nossas rela\u00e7\u00f5es de afiliados<\/li>\n<\/ul>\n\n\n\n<h2 class=\"wp-block-heading\">Por que confiar em n\u00f3s?<\/h2>\n\n\n\n<ul class=\"wp-block-list\">\n<li>Somos uma plataforma independente<\/li>\n\n\n\n<li>Trabalhamos com embasamento especializado<\/li>\n\n\n\n<li>Estamos presentes h\u00e1 anos no mercado internacional de apostas esportivas<\/li>\n\n\n\n<li>Nosso objetivo n\u00e3o \u00e9 incentivar o jogo excessivo, mas sim apoiar as apostas respons\u00e1veis<\/li>\n\n\n\n<li>A Topsters.com fornece conte\u00fado adaptado ao contexto brasileiro para os jogadores brasileiros<\/li>\n<\/ul>\n\n\n\n<h2 class=\"wp-block-heading\">Contato<\/h2>\n\n\n\n<p>Para qualquer d\u00favida, parceria ou consulta, escreva para: <strong><a>info@ver2.topsters.com<\/a><\/strong> e nossa equipe responder\u00e1 o mais breve poss\u00edvel! <br><\/p>\n","protected":false},"excerpt":{"rendered":"<p>A Topsters.com \u00e9 uma plataforma internacional independente de apostas esportivas, cujo objetivo \u00e9 ajudar os jogadores a tomar decis\u00f5es respons\u00e1veis com an\u00e1lises confi\u00e1veis, informa\u00e7\u00f5es atualizadas e experi\u00eancia especializada genu\u00edna. Quem somos? A equipe da Topsters.com \u00e9 formada por especialistas em apostas esportivas, analistas e criadores de conte\u00fado com mais de 10 anos de experi\u00eancia no [&hellip;]<\/p>\n","protected":false},"author":2,"featured_media":0,"parent":0,"menu_order":0,"comment_status":"open","ping_status":"open","template":"","meta":{"_acf_changed":false,"footnotes":""},"class_list":["post-11443","page","type-page","status-publish","hentry"],"acf":[],"aioseo_notices":[],"_links":{"self":[{"href":"https:\/\/topsters.com\/pt-br\/wp-json\/wp\/v2\/pages\/11443","targetHints":{"allow":["GET"]}}],"collection":[{"href":"https:\/\/topsters.com\/pt-br\/wp-json\/wp\/v2\/pages"}],"about":[{"href":"https:\/\/topsters.com\/pt-br\/wp-json\/wp\/v2\/types\/page"}],"author":[{"embeddable":true,"href":"https:\/\/topsters.com\/pt-br\/wp-json\/wp\/v2\/users\/2"}],"replies":[{"embeddable":true,"href":"https:\/\/topsters.com\/pt-br\/wp-json\/wp\/v2\/comments?post=11443"}],"version-history":[{"count":1,"href":"https:\/\/topsters.com\/pt-br\/wp-json\/wp\/v2\/pages\/11443\/revisions"}],"predecessor-version":[{"id":11444,"href":"https:\/\/topsters.com\/pt-br\/wp-json\/wp\/v2\/pages\/11443\/revisions\/11444"}],"wp:attachment":[{"href":"https:\/\/topsters.com\/pt-br\/wp-json\/wp\/v2\/media?parent=11443"}],"curies":[{"name":"wp","href":"https:\/\/api.w.org\/{rel}","templated":true}]}}