{"id":10751,"date":"2026-02-23T10:07:06","date_gmt":"2026-02-23T10:07:06","guid":{"rendered":"https:\/\/topsters.klasszino.com\/jogo-responsavel\/"},"modified":"2026-02-28T05:54:20","modified_gmt":"2026-02-28T05:54:20","slug":"jogo-responsavel","status":"publish","type":"page","link":"https:\/\/topsters.com\/pt-br\/jogo-responsavel\/","title":{"rendered":"Jogo Respons\u00e1vel"},"content":{"rendered":"\n<p><strong>O Topsters.com tem como objetivo fornecer aos apostadores desportivos informa\u00e7\u00f5es e an\u00e1lises fi\u00e1veis. No entanto, \u00e9 importante salientar que as apostas desportivas envolvem risco e \u00e9 da responsabilidade de todos os jogadores apostar de forma segura e com modera\u00e7\u00e3o. Estamos empenhados em promover o jogo respons\u00e1vel e apoiamos todas as iniciativas que promovem o jogo respons\u00e1vel.<\/strong><\/p>\n\n<figure class=\"wp-block-image size-full\"><img decoding=\"async\" src=\"https:\/\/test.topsters.com\/wp-content\/uploads\/2026\/02\/image-51.png\" alt=\"\" class=\"wp-image-10379\"\/><\/figure>\n\n<h2 class=\"wp-block-heading\">Por que \u00e9 importante o jogo respons\u00e1vel?<\/h2>\n\n<p>Apostar \u00e9 divertido e agrad\u00e1vel, mas pode facilmente sair do controlo se te envolveres demasiado. O objetivo do jogo respons\u00e1vel \u00e9 manter as apostas divertidas e seguras em todos os momentos, e n\u00e3o causar dificuldades financeiras ou mentais.<\/p>\n\n<h2 class=\"wp-block-heading\">Princ\u00edpios do jogo respons\u00e1vel<\/h2>\n\n<h3 class=\"wp-block-heading\">1. Gasta apenas o que podes pagar<\/h3>\n\n<p>O valor que gastas em apostas desportivas deve fazer parte do teu or\u00e7amento de entretenimento. Nunca apostes com dinheiro que precisas para despesas do dia a dia.<\/p>\n\n<h3 class=\"wp-block-heading\">2. Define limites<\/h3>\n\n<ul class=\"wp-block-list\">\n<li>Limite de gastos semanal ou mensal<\/li>\n\n\n\n<li>Limites de tempo<\/li>\n\n\n\n<li>Limites de dep\u00f3sito e perda<br\/>Estes ajudam a evitar gastos excessivos e perda de controlo.<\/li>\n<\/ul>\n\n<h3 class=\"wp-block-heading\">3. Faz pausas regulares<\/h3>\n\n<p>Apostar constantemente reduz a capacidade de tomar decis\u00f5es acertadas. Pausas regulares podem ajudar-te a manter o equil\u00edbrio.<\/p>\n\n<h3 class=\"wp-block-heading\">4. N\u00e3o apostes por emo\u00e7\u00e3o<\/h3>\n\n<p>Raiva, frustra\u00e7\u00e3o ou vingan\u00e7a por uma perda podem levar a m\u00e1s decis\u00f5es.<\/p>\n\n<h3 class=\"wp-block-heading\">5. Sabe quando parar<\/h3>\n\n<p>Se apostar \u00e9 mais stressante do que divertido, faz uma pausa ou pede ajuda.<\/p>\n\n<h2 class=\"wp-block-heading\">Sinais de v\u00edcio do jogo<\/h2>\n\n<ul class=\"wp-block-list\">\n<li>Perda de controlo sobre as apostas<\/li>\n\n\n\n<li>Apostar com valores elevados est\u00e1 a tornar-se mais comum<\/li>\n\n\n\n<li>Deteriora\u00e7\u00e3o das rela\u00e7\u00f5es pessoais<\/li>\n\n\n\n<li>Problemas financeiros<\/li>\n\n\n\n<li>Mentiras sobre h\u00e1bitos de apostas<\/li>\n\n\n\n<li>A necessidade de &#8220;recuperar&#8221; perdas<\/li>\n<\/ul>\n\n<p>Se v\u00e1rios dos sinais acima se aplicam a ti ou a algu\u00e9m \u00e0 tua volta, \u00e9 importante pedir ajuda.<\/p>\n\n<h2 class=\"wp-block-heading\">Onde podes obter ajuda?<\/h2>\n\n<p>Organiza\u00e7\u00f5es internacionais e nacionais que fornecem apoio em caso de v\u00edcio do jogo:<\/p>\n\n<ul class=\"wp-block-list\">\n<li>GamCare: <a href=\"http:\/\/www.gamcare.org.uk\/\">www.gamcare.org.uk<\/a><\/li>\n\n\n\n<li>BeGambleAware: <a href=\"http:\/\/www.begambleaware.org\/\">www.begambleaware.org<\/a><\/li>\n\n\n\n<li>GAMSTOP: <a href=\"http:\/\/www.gamstop.co.uk\/\">www.gamstop.co.uk<\/a><\/li>\n\n\n\n<li>Gamblers Anonymous (GA): <a href=\"http:\/\/www.gamblersanonymous.org\/\">www.gamblersanonymous.org<\/a><\/li>\n\n\n\n<li>Blue Line (EN): <a href=\"https:\/\/kek-vonal.hu\/\">kek-vonal.hu<\/a><\/li>\n\n\n\n<li>Gambling Authority (EN): <a href=\"https:\/\/nav.gov.hu\/\">nav.gov.hu<\/a><\/li>\n<\/ul>\n\n<h2 class=\"wp-block-heading\">Aviso 18+<\/h2>\n\n<p>As apostas desportivas est\u00e3o dispon\u00edveis apenas para jogadores <strong>maiores de 18 anos<\/strong>. O Topsters.com n\u00e3o apoia nem permite o jogo de menores.<\/p>\n\n<h2 class=\"wp-block-heading\">Palavras finais<\/h2>\n\n<p>O <a href=\"https:\/\/topsters.com\/hu\/topsters-com-sportfogadas-szakertoktol-valodi-tapasztalattal\/\">Topsters.com<\/a> tem como objetivo tornar as apostas desportivas uma experi\u00eancia transparente e informada para todos os jogadores. <strong>O jogo respons\u00e1vel n\u00e3o \u00e9 apenas uma recomenda\u00e7\u00e3o, mas um requisito essencial<\/strong> para garantir que as apostas permane\u00e7am seguras e agrad\u00e1veis.<\/p>\n","protected":false},"excerpt":{"rendered":"<p>O Topsters.com tem como objetivo fornecer aos apostadores desportivos informa\u00e7\u00f5es e an\u00e1lises fi\u00e1veis. No entanto, \u00e9 importante salientar que as apostas desportivas envolvem risco e \u00e9 da responsabilidade de todos os jogadores apostar de forma segura e com modera\u00e7\u00e3o. Estamos empenhados em promover o jogo respons\u00e1vel e apoiamos todas as iniciativas que promovem o jogo [&hellip;]<\/p>\n","protected":false},"author":3,"featured_media":0,"parent":0,"menu_order":0,"comment_status":"open","ping_status":"open","template":"","meta":{"_acf_changed":false,"footnotes":""},"class_list":["post-10751","page","type-page","status-publish","hentry"],"acf":[],"aioseo_notices":[],"_links":{"self":[{"href":"https:\/\/topsters.com\/pt-br\/wp-json\/wp\/v2\/pages\/10751","targetHints":{"allow":["GET"]}}],"collection":[{"href":"https:\/\/topsters.com\/pt-br\/wp-json\/wp\/v2\/pages"}],"about":[{"href":"https:\/\/topsters.com\/pt-br\/wp-json\/wp\/v2\/types\/page"}],"author":[{"embeddable":true,"href":"https:\/\/topsters.com\/pt-br\/wp-json\/wp\/v2\/users\/3"}],"replies":[{"embeddable":true,"href":"https:\/\/topsters.com\/pt-br\/wp-json\/wp\/v2\/comments?post=10751"}],"version-history":[{"count":1,"href":"https:\/\/topsters.com\/pt-br\/wp-json\/wp\/v2\/pages\/10751\/revisions"}],"predecessor-version":[{"id":10752,"href":"https:\/\/topsters.com\/pt-br\/wp-json\/wp\/v2\/pages\/10751\/revisions\/10752"}],"wp:attachment":[{"href":"https:\/\/topsters.com\/pt-br\/wp-json\/wp\/v2\/media?parent=10751"}],"curies":[{"name":"wp","href":"https:\/\/api.w.org\/{rel}","templated":true}]}}