{"id":10735,"date":"2026-02-23T10:07:06","date_gmt":"2026-02-23T10:07:06","guid":{"rendered":"https:\/\/topsters.klasszino.com\/os-nossos-autores\/"},"modified":"2026-02-28T05:30:53","modified_gmt":"2026-02-28T05:30:53","slug":"os-nossos-autores","status":"publish","type":"page","link":"https:\/\/topsters.com\/pt-br\/os-nossos-autores\/","title":{"rendered":"Os nossos autores"},"content":{"rendered":"\n<p><strong>A equipa da Topsters.com \u00e9 composta por especialistas experientes em apostas desportivas, analistas e criadores de conte\u00fado que se comprometem a fornecer aos nossos leitores guias fi\u00e1veis, atualizados e pr\u00e1ticos.<\/strong><\/p>\n\n<p>Os nossos autores t\u00eam anos de experi\u00eancia em apostas desportivas, an\u00e1lise de casas de apostas, modela\u00e7\u00e3o estat\u00edstica e jogo respons\u00e1vel. O seu objetivo \u00e9 produzir conte\u00fado claro, transparente e profissional que ofere\u00e7a valor real aos apostadores \u2013 sejam principiantes ou avan\u00e7ados. <\/p>\n\n<p>Todos os artigos publicados baseiam-se em pesquisa extensa, experi\u00eancia pr\u00e1tica e nos nossos pr\u00f3prios testes. Os nossos autores t\u00eam grande cuidado para garantir que as informa\u00e7\u00f5es sobre sites de apostas, b\u00f3nus e estrat\u00e9gias sejam precisas, objetivas e atualizadas. <\/p>\n\n<p>A equipa da Topsters.com atualiza constantemente o seu conte\u00fado para garantir que o site seja um ponto de refer\u00eancia fi\u00e1vel para quem deseja desenvolver os seus conhecimentos sobre apostas desportivas de forma respons\u00e1vel.<\/p>\n\n<h2 class=\"wp-block-heading\">Como trabalhamos?<\/h2>\n\n<p>A Topsters.com tem como objetivo fornecer a todos os leitores informa\u00e7\u00f5es cred\u00edveis, transparentes e pr\u00e1ticas sobre apostas desportivas. Para alcan\u00e7ar isto, temos um processo editorial e de verifica\u00e7\u00e3o implementado para garantir a fiabilidade e a qualidade profissional do conte\u00fado. <\/p>\n\n<p><strong>1. Pesquisa independente e recolha de dados<\/strong><br\/>Os nossos autores recolhem dados de v\u00e1rias fontes antes de escrever cada artigo:<br\/>\u2013 informa\u00e7\u00f5es oficiais das casas de apostas,<br\/>\u2013 documentos regulamentares,<br\/>\u2013 bases de dados estat\u00edsticas,<br\/>\u2013 experi\u00eancias reais de utilizadores.<br\/>O nosso objetivo \u00e9 garantir que todas as conclus\u00f5es sejam objetivas, factuais e verific\u00e1veis.<\/p>\n\n<p><strong>2. Testes reais e experi\u00eancia pr\u00f3pria<\/strong><br\/>Testamos os nossos sites de apostas, b\u00f3nus e funcionalidades de acordo com o nosso pr\u00f3prio processo de teste.<br\/>Isto inclui:<br\/>\u2013 testar o processo de registo<br\/>\u2013 testar realmente os termos dos b\u00f3nus<br\/>\u2013 testar m\u00e9todos de dep\u00f3sito\/levantamento<br\/>\u2013 avaliar intera\u00e7\u00f5es com o servi\u00e7o de apoio ao cliente<br\/>\u2013 rever mercados de apostas e odds<br\/>S\u00f3 publicamos experi\u00eancias que obtivemos em primeira m\u00e3o.<\/p>\n\n<p><strong>3. Monitoriza\u00e7\u00e3o profissional e atualiza\u00e7\u00e3o<\/strong><br\/>Todo o conte\u00fado \u00e9 revisto periodicamente para refletir a situa\u00e7\u00e3o atual do mercado e as condi\u00e7\u00f5es em mudan\u00e7a das casas de apostas.<br\/>As altera\u00e7\u00f5es tamb\u00e9m podem ser acompanhadas pelo sinal <strong>&#8220;\u00daltima atualiza\u00e7\u00e3o&#8221;<\/strong> no in\u00edcio de cada artigo.<\/p>\n\n<p><strong>4. Objetividade e Independ\u00eancia<\/strong><br\/>A Topsters.com n\u00e3o aceita an\u00e1lises pagas ou links de afiliados que influenciem o conte\u00fado dos nossos artigos.<br\/>Se utilizarmos um link de afiliado, indicaremos sempre isto de forma transparente e <strong>nunca influenciar\u00e1<\/strong> as nossas an\u00e1lises ou recomenda\u00e7\u00f5es.<\/p>\n\n<p><strong>5. Jogo respons\u00e1vel em primeiro plano<\/strong><br\/>Os nossos autores prestam especial aten\u00e7\u00e3o \u00e0 comunica\u00e7\u00e3o do jogo respons\u00e1vel.<br\/>Todos os nossos guias s\u00e3o concebidos para te ajudar a tomar decis\u00f5es informadas, n\u00e3o para incentivar o jogo excessivo.<\/p>\n\n<h2 class=\"wp-block-heading\">Que recursos utilizamos?<\/h2>\n\n<p>O conte\u00fado da Topsters.com baseia-se em informa\u00e7\u00f5es fi\u00e1veis, verificadas e atualizadas. Os nossos autores utilizam apenas fontes que podem ser comprovadamente cred\u00edveis e que fornecem uma base profissional para as nossas an\u00e1lises e guias. <\/p>\n\n<p><strong>1. Informa\u00e7\u00f5es Oficiais das Casas de Apostas<\/strong><br\/>Todo o conte\u00fado sobre as casas de apostas \u00e9 retirado dos documentos p\u00fablicos dos pr\u00f3prios fornecedores:<br\/>\u2013 termos e condi\u00e7\u00f5es<br\/>\u2013 termos e condi\u00e7\u00f5es dos b\u00f3nus<br\/>\u2013 pol\u00edticas de apostas<br\/>\u2013 informa\u00e7\u00f5es sobre licen\u00e7as<br\/>\u2013 descri\u00e7\u00f5es dos m\u00e9todos de pagamento<br\/>Estes s\u00e3o sempre verificados antes da publica\u00e7\u00e3o.<\/p>\n\n<p><strong>2. Experi\u00eancia em primeira m\u00e3o do processo de registo e teste<\/strong><br\/>Testamos sites de apostas com base no nosso pr\u00f3prio registo e teste.<br\/>Estas experi\u00eancias em primeira m\u00e3o s\u00e3o particularmente importantes para demonstrar a experi\u00eancia real do utilizador.<\/p>\n\n<p><strong>3. Bases de dados desportivas e estat\u00edsticas internacionais<\/strong><br\/>Confiamos em plataformas estat\u00edsticas estabelecidas para produzir as nossas an\u00e1lises e guias, incluindo:<br\/>\u2013 estat\u00edsticas oficiais de ligas<br\/>\u2013 plataformas de recolha de dados desportivos<br\/>\u2013 sistemas de monitoriza\u00e7\u00e3o de odds e mercados<br\/>Estes ajudam-nos a tirar conclus\u00f5es precisas e baseadas em dados.<\/p>\n\n<p><strong>4. An\u00e1lises de especialistas e relat\u00f3rios do setor<\/strong><br\/>Os nossos autores tamb\u00e9m monitorizam tend\u00eancias do mercado internacional de apostas desportivas e estudos do setor para fornecer um contexto mais amplo na avalia\u00e7\u00e3o de operadores e do mercado.<\/p>\n\n<p><strong>5. Feedback dos utilizadores<\/strong><br\/>Monitorizamos regularmente feedback real dos nossos clientes, f\u00f3runs, redes sociais e experi\u00eancias de servi\u00e7o de apoio ao cliente.<br\/>Estes ajudam-nos a compreender a fiabilidade a longo prazo dos nossos fornecedores de servi\u00e7os.<\/p>\n\n<p><strong>6. Informa\u00e7\u00f5es regulamentares e de licenciamento<\/strong><br\/>Para cada casa de apostas, verificamos:<br\/>\u2013 a validade das licen\u00e7as de opera\u00e7\u00e3o<br\/>\u2013 documentos emitidos pelas autoridades de jogo<br\/>\u2013 altera\u00e7\u00f5es no ambiente legal<br\/>Estas fontes garantem que as nossas avalia\u00e7\u00f5es estejam alinhadas com os requisitos regulamentares mais recentes.<\/p>\n","protected":false},"excerpt":{"rendered":"<p>A equipa da Topsters.com \u00e9 composta por especialistas experientes em apostas desportivas, analistas e criadores de conte\u00fado que se comprometem a fornecer aos nossos leitores guias fi\u00e1veis, atualizados e pr\u00e1ticos. Os nossos autores t\u00eam anos de experi\u00eancia em apostas desportivas, an\u00e1lise de casas de apostas, modela\u00e7\u00e3o estat\u00edstica e jogo respons\u00e1vel. O seu objetivo \u00e9 produzir [&hellip;]<\/p>\n","protected":false},"author":3,"featured_media":0,"parent":0,"menu_order":0,"comment_status":"open","ping_status":"open","template":"","meta":{"_acf_changed":false,"footnotes":""},"class_list":["post-10735","page","type-page","status-publish","hentry"],"acf":[],"aioseo_notices":[],"_links":{"self":[{"href":"https:\/\/topsters.com\/pt-br\/wp-json\/wp\/v2\/pages\/10735","targetHints":{"allow":["GET"]}}],"collection":[{"href":"https:\/\/topsters.com\/pt-br\/wp-json\/wp\/v2\/pages"}],"about":[{"href":"https:\/\/topsters.com\/pt-br\/wp-json\/wp\/v2\/types\/page"}],"author":[{"embeddable":true,"href":"https:\/\/topsters.com\/pt-br\/wp-json\/wp\/v2\/users\/3"}],"replies":[{"embeddable":true,"href":"https:\/\/topsters.com\/pt-br\/wp-json\/wp\/v2\/comments?post=10735"}],"version-history":[{"count":1,"href":"https:\/\/topsters.com\/pt-br\/wp-json\/wp\/v2\/pages\/10735\/revisions"}],"predecessor-version":[{"id":10736,"href":"https:\/\/topsters.com\/pt-br\/wp-json\/wp\/v2\/pages\/10735\/revisions\/10736"}],"wp:attachment":[{"href":"https:\/\/topsters.com\/pt-br\/wp-json\/wp\/v2\/media?parent=10735"}],"curies":[{"name":"wp","href":"https:\/\/api.w.org\/{rel}","templated":true}]}}