{"id":10726,"date":"2026-02-23T10:07:06","date_gmt":"2026-02-23T10:07:06","guid":{"rendered":"https:\/\/topsters.klasszino.com\/aviso-legal\/"},"modified":"2026-02-28T05:21:21","modified_gmt":"2026-02-28T05:21:21","slug":"aviso-legal","status":"publish","type":"page","link":"https:\/\/topsters.com\/pt-br\/aviso-legal\/","title":{"rendered":"Aviso Legal"},"content":{"rendered":"\n<p><strong>Operador do site:<\/strong><br\/>Topsters.com<br\/>Plataforma internacional de apostas esportivas online<\/p>\n\n<p><strong>E-mail de contato:<\/strong><br\/><a>info@topsters.com<\/a><\/p>\n\n<p><strong>Site:<\/strong><br\/><a href=\"https:\/\/topsters.com\/\">https:\/\/topsters.com<\/a><\/p>\n\n<h2 class=\"wp-block-heading\">Respons\u00e1vel pelo conte\u00fado<\/h2>\n\n<p>O Topsters.com tem como objetivo fornecer guias, an\u00e1lises e informa\u00e7\u00f5es de apostas esportivas transparentes e confi\u00e1veis. O conte\u00fado deste site \u00e9 apenas para fins informativos e n\u00e3o constitui aconselhamento financeiro ou de apostas.<\/p>\n\n<h2 class=\"wp-block-heading\">Propriedade intelectual<\/h2>\n\n<p>Todo o conte\u00fado do Topsters.com, incluindo textos, logotipos, gr\u00e1ficos, an\u00e1lises e guias, \u00e9 protegido por direitos autorais.<\/p>\n\n<p>Qualquer uso, c\u00f3pia ou distribui\u00e7\u00e3o do conte\u00fado est\u00e1 sujeito \u00e0 permiss\u00e3o pr\u00e9via por escrito do Topsters.com.<\/p>\n\n<h2 class=\"wp-block-heading\">Declara\u00e7\u00e3o de responsabilidade<\/h2>\n\n<p>O Topsters.com n\u00e3o assume qualquer responsabilidade:<\/p>\n\n<ul class=\"wp-block-list\">\n<li>pelo conte\u00fado de links externos,<\/li>\n\n\n\n<li>pelos servi\u00e7os de cada casa de apostas,<\/li>\n\n\n\n<li>por quaisquer perdas financeiras resultantes de apostas esportivas.<\/li>\n<\/ul>\n\n<p>As apostas esportivas s\u00e3o para maiores de 18 anos e envolvem riscos. Jogue sempre com responsabilidade.<\/p>\n\n<h2 class=\"wp-block-heading\"><strong>Contato<\/strong><\/h2>\n\n<p>Todas as solicita\u00e7\u00f5es legais, t\u00e9cnicas ou de coopera\u00e7\u00e3o devem ser enviadas para:<br\/><strong><a>info@topsters.com<\/a><\/strong><\/p>\n\n<h2 class=\"wp-block-heading\">Direitos autorais e marcas registradas<\/h2>\n\n<p>O nome e o logotipo do Topsters.com s\u00e3o propriedade do Topsters.com. Outros nomes de marcas e logotipos s\u00e3o marcas registradas de seus respectivos propriet\u00e1rios.<\/p>\n","protected":false},"excerpt":{"rendered":"<p>Operador do site:Topsters.comPlataforma internacional de apostas esportivas online E-mail de contato:info@topsters.com Site:https:\/\/topsters.com Respons\u00e1vel pelo conte\u00fado O Topsters.com tem como objetivo fornecer guias, an\u00e1lises e informa\u00e7\u00f5es de apostas esportivas transparentes e confi\u00e1veis. O conte\u00fado deste site \u00e9 apenas para fins informativos e n\u00e3o constitui aconselhamento financeiro ou de apostas. Propriedade intelectual Todo o conte\u00fado do Topsters.com, [&hellip;]<\/p>\n","protected":false},"author":3,"featured_media":0,"parent":0,"menu_order":0,"comment_status":"open","ping_status":"open","template":"","meta":{"_acf_changed":false,"footnotes":""},"class_list":["post-10726","page","type-page","status-publish","hentry"],"acf":[],"aioseo_notices":[],"_links":{"self":[{"href":"https:\/\/topsters.com\/pt-br\/wp-json\/wp\/v2\/pages\/10726","targetHints":{"allow":["GET"]}}],"collection":[{"href":"https:\/\/topsters.com\/pt-br\/wp-json\/wp\/v2\/pages"}],"about":[{"href":"https:\/\/topsters.com\/pt-br\/wp-json\/wp\/v2\/types\/page"}],"author":[{"embeddable":true,"href":"https:\/\/topsters.com\/pt-br\/wp-json\/wp\/v2\/users\/3"}],"replies":[{"embeddable":true,"href":"https:\/\/topsters.com\/pt-br\/wp-json\/wp\/v2\/comments?post=10726"}],"version-history":[{"count":1,"href":"https:\/\/topsters.com\/pt-br\/wp-json\/wp\/v2\/pages\/10726\/revisions"}],"predecessor-version":[{"id":10727,"href":"https:\/\/topsters.com\/pt-br\/wp-json\/wp\/v2\/pages\/10726\/revisions\/10727"}],"wp:attachment":[{"href":"https:\/\/topsters.com\/pt-br\/wp-json\/wp\/v2\/media?parent=10726"}],"curies":[{"name":"wp","href":"https:\/\/api.w.org\/{rel}","templated":true}]}}