{"id":10581,"date":"2026-02-23T10:07:06","date_gmt":"2026-02-23T10:07:06","guid":{"rendered":"https:\/\/topsters.klasszino.com\/contato\/"},"modified":"2026-03-03T09:04:28","modified_gmt":"2026-03-03T09:04:28","slug":"contato","status":"publish","type":"page","link":"https:\/\/topsters.com\/pt-br\/contato\/","title":{"rendered":"Contato"},"content":{"rendered":"\n<h2 class=\"wp-block-heading\"><strong>Tem d\u00favidas, sugest\u00f5es ou feedback?<\/strong><\/h2>\n\n<p>O Topsters.com\/hu tem como objetivo fornecer aos apostadores esportivos informa\u00e7\u00f5es confi\u00e1veis, palpites e an\u00e1lises. Se voc\u00ea tiver alguma d\u00favida ou quiser nos dar um feedback sobre o conte\u00fado do site, sinta-se \u00e0 vontade para entrar em contato.<\/p>\n\n<h2 class=\"wp-block-heading\">Entre em contato conosco por e-mail<\/h2>\n\n<p>Se voc\u00ea tiver coment\u00e1rios, d\u00favidas t\u00e9cnicas ou sugest\u00f5es de parceria, sinta-se \u00e0 vontade para entrar em contato conosco:<\/p>\n\n<p><strong>E-mail:<\/strong> <a>info@topsters.com<\/a><br\/><br\/>Nosso objetivo \u00e9 responder a todas as mensagens <strong>em at\u00e9 24-48 horas.<\/strong><\/p>\n\n<h2 class=\"wp-block-heading\">Siga-nos no Facebook<\/h2>\n\n<p>Fique por dentro dos \u00faltimos palpites de apostas esportivas, an\u00e1lises e avalia\u00e7\u00f5es de casas de apostas:<\/p>\n\n<p><strong>P\u00e1gina do Facebook:<\/strong> <a href=\"https:\/\/www.facebook.com\/profile.php?id=100065038530261\">Topsters.com Faceboo<\/a><a>k<\/a><\/p>\n\n<p>Voc\u00ea tamb\u00e9m pode nos enviar uma mensagem por aqui se tiver uma pergunta r\u00e1pida.<\/p>\n\n<h2 class=\"wp-block-heading\">Por que entrar em contato conosco?<\/h2>\n\n<ul class=\"wp-block-list\">\n<li>Ajudamos voc\u00ea a navegar no mundo das apostas esportivas<\/li>\n\n\n\n<li>Respondemos a todas as suas d\u00favidas sobre casas de apostas<\/li>\n\n\n\n<li>Sugest\u00f5es de palpites e artigos s\u00e3o bem-vindas<\/li>\n\n\n\n<li>Ajudamos voc\u00ea a melhorar sua experi\u00eancia de usu\u00e1rio<\/li>\n<\/ul>\n","protected":false},"excerpt":{"rendered":"<p>Tem d\u00favidas, sugest\u00f5es ou feedback? O Topsters.com\/hu tem como objetivo fornecer aos apostadores esportivos informa\u00e7\u00f5es confi\u00e1veis, palpites e an\u00e1lises. Se voc\u00ea tiver alguma d\u00favida ou quiser nos dar um feedback sobre o conte\u00fado do site, sinta-se \u00e0 vontade para entrar em contato. Entre em contato conosco por e-mail Se voc\u00ea tiver coment\u00e1rios, d\u00favidas t\u00e9cnicas ou [&hellip;]<\/p>\n","protected":false},"author":3,"featured_media":0,"parent":0,"menu_order":0,"comment_status":"open","ping_status":"open","template":"","meta":{"_acf_changed":false,"footnotes":""},"class_list":["post-10581","page","type-page","status-publish","hentry"],"acf":[],"aioseo_notices":[],"_links":{"self":[{"href":"https:\/\/topsters.com\/pt-br\/wp-json\/wp\/v2\/pages\/10581","targetHints":{"allow":["GET"]}}],"collection":[{"href":"https:\/\/topsters.com\/pt-br\/wp-json\/wp\/v2\/pages"}],"about":[{"href":"https:\/\/topsters.com\/pt-br\/wp-json\/wp\/v2\/types\/page"}],"author":[{"embeddable":true,"href":"https:\/\/topsters.com\/pt-br\/wp-json\/wp\/v2\/users\/3"}],"replies":[{"embeddable":true,"href":"https:\/\/topsters.com\/pt-br\/wp-json\/wp\/v2\/comments?post=10581"}],"version-history":[{"count":1,"href":"https:\/\/topsters.com\/pt-br\/wp-json\/wp\/v2\/pages\/10581\/revisions"}],"predecessor-version":[{"id":10582,"href":"https:\/\/topsters.com\/pt-br\/wp-json\/wp\/v2\/pages\/10581\/revisions\/10582"}],"wp:attachment":[{"href":"https:\/\/topsters.com\/pt-br\/wp-json\/wp\/v2\/media?parent=10581"}],"curies":[{"name":"wp","href":"https:\/\/api.w.org\/{rel}","templated":true}]}}