{"id":10573,"date":"2026-02-23T10:07:05","date_gmt":"2026-02-23T10:07:05","guid":{"rendered":"https:\/\/topsters.klasszino.com\/declaracao-de-afiliados\/"},"modified":"2026-03-03T09:01:02","modified_gmt":"2026-03-03T09:01:02","slug":"declaracao-de-afiliados","status":"publish","type":"page","link":"https:\/\/topsters.com\/pt-br\/declaracao-de-afiliados\/","title":{"rendered":"Declara\u00e7\u00e3o de Afiliados"},"content":{"rendered":"\n<p><strong>O Topsters.com \u00e9 um site independente de informa\u00e7\u00f5es sobre apostas esportivas que produz guias objetivos, an\u00e1lises e conte\u00fado profissional. Alguns links no site <em>s\u00e3o links de afiliados<\/em>, o que significa que podemos receber uma comiss\u00e3o se um usu\u00e1rio se cadastrar ou fizer uma transa\u00e7\u00e3o com um de nossos afiliados. <\/strong><\/p>\n\n<h3 class=\"wp-block-heading\">O que isso significa para o usu\u00e1rio?<\/h3>\n\n<ul class=\"wp-block-list\">\n<li>A comiss\u00e3o \u00e9 paga ao Topsters.com <strong>sem nenhum custo extra para voc\u00ea.<\/strong><\/li>\n\n\n\n<li>A comiss\u00e3o de afiliados <strong>n\u00e3o afeta<\/strong> nossas avalia\u00e7\u00f5es, diretrizes ou rankings.<\/li>\n\n\n\n<li>Cada casa de apostas \u00e9 avaliada <strong>com base em um conjunto independente de crit\u00e9rios<\/strong><\/li>\n<\/ul>\n\n<h3 class=\"wp-block-heading\">Por que usamos links de afiliados?<\/h3>\n\n<p>Existem custos para manter o <a href=\"https:\/\/topsters.com\/hu\/topsters-com-sportfogadas-szakertoktol-valodi-tapasztalattal\/\">Topsters.com<\/a> \u2014 desenvolvimento, produ\u00e7\u00e3o de conte\u00fado, revis\u00e3o por pares. As parcerias de afiliados nos permitem continuar oferecendo aos usu\u00e1rios conte\u00fado gratuito e de alta qualidade. <\/p>\n\n<h3 class=\"wp-block-heading\">Como escolhemos nossos parceiros?<\/h3>\n\n<p>N\u00f3s s\u00f3 trabalhamos com prestadores de servi\u00e7o que:<\/p>\n\n<ul class=\"wp-block-list\">\n<li>tenham as licen\u00e7as de opera\u00e7\u00e3o adequadas,<\/li>\n\n\n\n<li>sejam confi\u00e1veis e transparentes,<\/li>\n\n\n\n<li>cumpram os requisitos de jogo respons\u00e1vel,<\/li>\n\n\n\n<li>ofere\u00e7am solu\u00e7\u00f5es de pagamento seguras<\/li>\n<\/ul>\n\n<h3 class=\"wp-block-heading\">Objetividade e transpar\u00eancia<\/h3>\n\n<p>Nossa miss\u00e3o \u00e9 fornecer informa\u00e7\u00f5es reais, com base profissional. Para isso: <\/p>\n\n<ul class=\"wp-block-list\">\n<li><strong>todas as avalia\u00e7\u00f5es s\u00e3o verificadas por um especialista,<\/strong><\/li>\n\n\n\n<li>o link de afiliado <strong>n\u00e3o afeta<\/strong> quais provedores recomendamos,<\/li>\n\n\n\n<li>os links de afiliados ser\u00e3o indicados em todo o conte\u00fado, quando apropriado,<\/li>\n\n\n\n<li>reservamo-nos o direito de modificar ou remover conte\u00fado se o servi\u00e7o do parceiro piorar ou n\u00e3o cumprir as regras.<\/li>\n<\/ul>\n\n<h3 class=\"wp-block-heading\"><strong>Jogo respons\u00e1vel<\/strong><\/h3>\n\n<p>Todo o nosso conte\u00fado \u00e9 criado de acordo com <a href=\"http:\/\/www.begambleaware.org\/\">os princ\u00edpios do jogo respons\u00e1vel.<\/a> N\u00e3o incentivamos apostas excessivas ou irrespons\u00e1veis e refor\u00e7amos em todas as nossas p\u00e1ginas que apenas jogadores maiores de 18 anos podem apostar.<\/p>\n\n<h3 class=\"wp-block-heading\"><strong>Contato<\/strong><\/h3>\n\n<p>Se voc\u00ea tiver alguma d\u00favida sobre nossos relacionamentos de afiliados, parcerias ou nossa pol\u00edtica de transpar\u00eancia, voc\u00ea pode entrar em contato com a gente pelo e-mail info@topsters.com<\/p>\n","protected":false},"excerpt":{"rendered":"<p>O Topsters.com \u00e9 um site independente de informa\u00e7\u00f5es sobre apostas esportivas que produz guias objetivos, an\u00e1lises e conte\u00fado profissional. Alguns links no site s\u00e3o links de afiliados, o que significa que podemos receber uma comiss\u00e3o se um usu\u00e1rio se cadastrar ou fizer uma transa\u00e7\u00e3o com um de nossos afiliados. O que isso significa para o [&hellip;]<\/p>\n","protected":false},"author":3,"featured_media":0,"parent":0,"menu_order":0,"comment_status":"open","ping_status":"open","template":"","meta":{"_acf_changed":false,"footnotes":""},"class_list":["post-10573","page","type-page","status-publish","hentry"],"acf":[],"aioseo_notices":[],"_links":{"self":[{"href":"https:\/\/topsters.com\/pt-br\/wp-json\/wp\/v2\/pages\/10573","targetHints":{"allow":["GET"]}}],"collection":[{"href":"https:\/\/topsters.com\/pt-br\/wp-json\/wp\/v2\/pages"}],"about":[{"href":"https:\/\/topsters.com\/pt-br\/wp-json\/wp\/v2\/types\/page"}],"author":[{"embeddable":true,"href":"https:\/\/topsters.com\/pt-br\/wp-json\/wp\/v2\/users\/3"}],"replies":[{"embeddable":true,"href":"https:\/\/topsters.com\/pt-br\/wp-json\/wp\/v2\/comments?post=10573"}],"version-history":[{"count":1,"href":"https:\/\/topsters.com\/pt-br\/wp-json\/wp\/v2\/pages\/10573\/revisions"}],"predecessor-version":[{"id":10574,"href":"https:\/\/topsters.com\/pt-br\/wp-json\/wp\/v2\/pages\/10573\/revisions\/10574"}],"wp:attachment":[{"href":"https:\/\/topsters.com\/pt-br\/wp-json\/wp\/v2\/media?parent=10573"}],"curies":[{"name":"wp","href":"https:\/\/api.w.org\/{rel}","templated":true}]}}