{"id":10579,"date":"2026-02-23T10:07:06","date_gmt":"2026-02-23T10:07:06","guid":{"rendered":"https:\/\/topsters.klasszino.com\/kapcsolat\/"},"modified":"2026-03-03T09:04:28","modified_gmt":"2026-03-03T09:04:28","slug":"kapcsolat","status":"publish","type":"page","link":"https:\/\/topsters.com\/hu\/kapcsolat\/","title":{"rendered":"Kapcsolat"},"content":{"rendered":"\n<h2 class=\"wp-block-heading\"><strong>K\u00e9rd\u00e9sed, javaslatod vagy visszajelz\u00e9sed van?<\/strong><\/h2>\n\n<p>A Topsters.com\/hu c\u00e9lja, hogy megb\u00edzhat\u00f3 inform\u00e1ci\u00f3kat, tippeket \u00e9s elemz\u00e9seket ny\u00fajtson a sportfogad\u00f3knak. Ha b\u00e1rmilyen k\u00e9rd\u00e9sed van, vagy visszajelz\u00e9st szeretn\u00e9l adni nek\u00fcnk az oldal tartalm\u00e1val kapcsolatban, keress minket b\u00e1tran.<\/p>\n\n<h2 class=\"wp-block-heading\">Keress minket e-mailben<\/h2>\n\n<p>Ha b\u00e1rmilyen \u00e9szrev\u00e9teled, technikai k\u00e9rd\u00e9sed vagy partners\u00e9gi javaslatod van, fordulj hozz\u00e1nk bizalommal:<\/p>\n\n<p><strong>E-mail:<\/strong> <a>info@topsters.com<\/a><br\/><br\/>C\u00e9lunk, hogy minden \u00fczenetre <strong>24-48 \u00f3r\u00e1n bel\u00fcl v\u00e1laszoljunk.<\/strong><\/p>\n\n<h2 class=\"wp-block-heading\">K\u00f6vess minket Facebookon<\/h2>\n\n<p>Maradj naprak\u00e9sz a leg\u00fajabb sportfogad\u00e1si tippekkel, elemz\u00e9sekkel \u00e9s bukm\u00e9ker-\u00e9rt\u00e9kel\u00e9sekkel:<\/p>\n\n<p><strong>Facebook oldal:<\/strong> <a href=\"https:\/\/www.facebook.com\/profile.php?id=100065038530261\">Topsters.com Faceboo<\/a><a>k<\/a><\/p>\n\n<p>Itt is k\u00fcldhetsz nek\u00fcnk \u00fczenetet, ha gyors k\u00e9rd\u00e9sed van.<\/p>\n\n<h2 class=\"wp-block-heading\">Mi\u00e9rt \u00e9rdemes felvenni vel\u00fcnk a kapcsolatot?<\/h2>\n\n<ul class=\"wp-block-list\">\n<li>Seg\u00edt\u00fcnk eligazodni a sportfogad\u00e1s vil\u00e1g\u00e1ban<\/li>\n\n\n\n<li>V\u00e1laszolunk minden k\u00e9rd\u00e9sedre a fogad\u00f3irod\u00e1kkal kapcsolatban<\/li>\n\n\n\n<li>Sz\u00edvesen fogadunk tippeket \u00e9s cikkjavaslatokat<\/li>\n\n\n\n<li>Seg\u00edt\u00fcnk jav\u00edtani a felhaszn\u00e1l\u00f3i \u00e9lm\u00e9nyedet<\/li>\n<\/ul>\n","protected":false},"excerpt":{"rendered":"<p>K\u00e9rd\u00e9sed, javaslatod vagy visszajelz\u00e9sed van? A Topsters.com\/hu c\u00e9lja, hogy megb\u00edzhat\u00f3 inform\u00e1ci\u00f3kat, tippeket \u00e9s elemz\u00e9seket ny\u00fajtson a sportfogad\u00f3knak. Ha b\u00e1rmilyen k\u00e9rd\u00e9sed van, vagy visszajelz\u00e9st szeretn\u00e9l adni nek\u00fcnk az oldal tartalm\u00e1val kapcsolatban, keress minket b\u00e1tran. Keress minket e-mailben Ha b\u00e1rmilyen \u00e9szrev\u00e9teled, technikai k\u00e9rd\u00e9sed vagy partners\u00e9gi javaslatod van, fordulj hozz\u00e1nk bizalommal: E-mail: info@topsters.com C\u00e9lunk, hogy minden \u00fczenetre 24-48 [&hellip;]<\/p>\n","protected":false},"author":3,"featured_media":0,"parent":0,"menu_order":0,"comment_status":"open","ping_status":"open","template":"","meta":{"_acf_changed":false,"footnotes":""},"class_list":["post-10579","page","type-page","status-publish","hentry"],"acf":[],"aioseo_notices":[],"_links":{"self":[{"href":"https:\/\/topsters.com\/hu\/wp-json\/wp\/v2\/pages\/10579","targetHints":{"allow":["GET"]}}],"collection":[{"href":"https:\/\/topsters.com\/hu\/wp-json\/wp\/v2\/pages"}],"about":[{"href":"https:\/\/topsters.com\/hu\/wp-json\/wp\/v2\/types\/page"}],"author":[{"embeddable":true,"href":"https:\/\/topsters.com\/hu\/wp-json\/wp\/v2\/users\/3"}],"replies":[{"embeddable":true,"href":"https:\/\/topsters.com\/hu\/wp-json\/wp\/v2\/comments?post=10579"}],"version-history":[{"count":1,"href":"https:\/\/topsters.com\/hu\/wp-json\/wp\/v2\/pages\/10579\/revisions"}],"predecessor-version":[{"id":10580,"href":"https:\/\/topsters.com\/hu\/wp-json\/wp\/v2\/pages\/10579\/revisions\/10580"}],"wp:attachment":[{"href":"https:\/\/topsters.com\/hu\/wp-json\/wp\/v2\/media?parent=10579"}],"curies":[{"name":"wp","href":"https:\/\/api.w.org\/{rel}","templated":true}]}}