{"id":10539,"date":"2026-02-23T10:07:05","date_gmt":"2026-02-23T10:07:05","guid":{"rendered":"https:\/\/topsters.klasszino.com\/rolunk\/"},"modified":"2026-03-03T08:58:35","modified_gmt":"2026-03-03T08:58:35","slug":"rolunk","status":"publish","type":"page","link":"https:\/\/topsters.com\/hu\/rolunk\/","title":{"rendered":"R\u00f3lunk"},"content":{"rendered":"\n<p>Vedd fel vel\u00fcnk a kapcsolatot.<\/p>[forminator_form id=&#8221;730&#8243;]\t\t\t<h2>\u00c9rtes\u00fclj a leg\u00fajabb b\u00f3nuszokr\u00f3l!<\/h2>\t\t<p>Iratkozz fel a h\u00edrlevel\u00fcnkre!<\/p>\n","protected":false},"excerpt":{"rendered":"<p>Vedd fel vel\u00fcnk a kapcsolatot. [forminator_form id=&#8221;730&#8243;] \u00c9rtes\u00fclj a leg\u00fajabb b\u00f3nuszokr\u00f3l! Iratkozz fel a h\u00edrlevel\u00fcnkre!<\/p>\n","protected":false},"author":1,"featured_media":0,"parent":0,"menu_order":0,"comment_status":"open","ping_status":"open","template":"","meta":{"_acf_changed":false,"footnotes":""},"class_list":["post-10539","page","type-page","status-publish","hentry"],"acf":[],"aioseo_notices":[],"_links":{"self":[{"href":"https:\/\/topsters.com\/hu\/wp-json\/wp\/v2\/pages\/10539","targetHints":{"allow":["GET"]}}],"collection":[{"href":"https:\/\/topsters.com\/hu\/wp-json\/wp\/v2\/pages"}],"about":[{"href":"https:\/\/topsters.com\/hu\/wp-json\/wp\/v2\/types\/page"}],"author":[{"embeddable":true,"href":"https:\/\/topsters.com\/hu\/wp-json\/wp\/v2\/users\/1"}],"replies":[{"embeddable":true,"href":"https:\/\/topsters.com\/hu\/wp-json\/wp\/v2\/comments?post=10539"}],"version-history":[{"count":1,"href":"https:\/\/topsters.com\/hu\/wp-json\/wp\/v2\/pages\/10539\/revisions"}],"predecessor-version":[{"id":10540,"href":"https:\/\/topsters.com\/hu\/wp-json\/wp\/v2\/pages\/10539\/revisions\/10540"}],"wp:attachment":[{"href":"https:\/\/topsters.com\/hu\/wp-json\/wp\/v2\/media?parent=10539"}],"curies":[{"name":"wp","href":"https:\/\/api.w.org\/{rel}","templated":true}]}}