{"id":10502,"date":"2026-02-23T10:07:05","date_gmt":"2026-02-23T10:07:05","guid":{"rendered":"https:\/\/topsters.klasszino.com\/bookmakers\/"},"modified":"2026-03-13T09:18:19","modified_gmt":"2026-03-13T09:18:19","slug":"bookmakers","status":"publish","type":"page","link":"https:\/\/topsters.com\/hu\/bookmakers\/","title":{"rendered":"A legjobb online fogad\u00f3irod\u00e1k magyarorsz\u00e1gon"},"content":{"rendered":"","protected":false},"excerpt":{"rendered":"","protected":false},"author":1,"featured_media":0,"parent":0,"menu_order":0,"comment_status":"open","ping_status":"open","template":"","meta":{"_acf_changed":false,"footnotes":""},"class_list":["post-10502","page","type-page","status-publish","hentry"],"acf":[],"aioseo_notices":[],"_links":{"self":[{"href":"https:\/\/topsters.com\/hu\/wp-json\/wp\/v2\/pages\/10502","targetHints":{"allow":["GET"]}}],"collection":[{"href":"https:\/\/topsters.com\/hu\/wp-json\/wp\/v2\/pages"}],"about":[{"href":"https:\/\/topsters.com\/hu\/wp-json\/wp\/v2\/types\/page"}],"author":[{"embeddable":true,"href":"https:\/\/topsters.com\/hu\/wp-json\/wp\/v2\/users\/1"}],"replies":[{"embeddable":true,"href":"https:\/\/topsters.com\/hu\/wp-json\/wp\/v2\/comments?post=10502"}],"version-history":[{"count":7,"href":"https:\/\/topsters.com\/hu\/wp-json\/wp\/v2\/pages\/10502\/revisions"}],"predecessor-version":[{"id":10975,"href":"https:\/\/topsters.com\/hu\/wp-json\/wp\/v2\/pages\/10502\/revisions\/10975"}],"wp:attachment":[{"href":"https:\/\/topsters.com\/hu\/wp-json\/wp\/v2\/media?parent=10502"}],"curies":[{"name":"wp","href":"https:\/\/api.w.org\/{rel}","templated":true}]}}