{"id":11453,"date":"2026-03-25T10:41:58","date_gmt":"2026-03-25T10:41:58","guid":{"rendered":"http:\/\/178.104.60.165\/contacto\/"},"modified":"2026-03-25T10:41:59","modified_gmt":"2026-03-25T10:41:59","slug":"contacto","status":"publish","type":"page","link":"https:\/\/topsters.com\/es\/contacto\/","title":{"rendered":"Contacto"},"content":{"rendered":"\n<h2 class=\"wp-block-heading\"><strong>\u00bfTienes preguntas, sugerencias o comentarios?<\/strong><\/h2>\n\n<p>El objetivo de Topsters.com\/es es proporcionar informaci\u00f3n fiable, pron\u00f3sticos y an\u00e1lisis a los apostadores deportivos. Si tienes alguna pregunta o deseas enviarnos comentarios sobre el contenido del sitio, no dudes en contactarnos.<\/p>\n\n<h2 class=\"wp-block-heading\">Cont\u00e1ctanos por correo electr\u00f3nico<\/h2>\n\n<p>Si tienes alguna observaci\u00f3n, consulta t\u00e9cnica o propuesta de colaboraci\u00f3n, cont\u00e1ctanos con confianza:<\/p>\n\n<p><strong>Correo electr\u00f3nico:<\/strong> <a>info@topsters.com<\/a><br\/><br\/>Nuestro objetivo es responder a todos los mensajes <strong>en un plazo de 24 a 48 horas.<\/strong><\/p>\n\n<h2 class=\"wp-block-heading\">S\u00edguenos en Facebook<\/h2>\n\n<p>Mantente al d\u00eda con los \u00faltimos pron\u00f3sticos de apuestas deportivas, an\u00e1lisis y rese\u00f1as de casas de apuestas:<\/p>\n\n<p><strong>P\u00e1gina de Facebook:<\/strong> <a href=\"https:\/\/www.facebook.com\/profile.php?id=100065038530261\">Topsters.com Faceboo<\/a><a>k<\/a><\/p>\n\n<p>Tambi\u00e9n puedes enviarnos un mensaje aqu\u00ed si tienes una consulta r\u00e1pida.<\/p>\n\n<h2 class=\"wp-block-heading\">\u00bfPor qu\u00e9 contactarnos?<\/h2>\n\n<ul class=\"wp-block-list\">\n<li>Te ayudamos a orientarte en el mundo de las apuestas deportivas<\/li>\n\n\n\n<li>Respondemos a todas tus preguntas sobre casas de apuestas<\/li>\n\n\n\n<li>Aceptamos con gusto sugerencias de pron\u00f3sticos y art\u00edculos<\/li>\n\n\n\n<li>Te ayudamos a mejorar tu experiencia de usuario<\/li>\n<\/ul>\n","protected":false},"excerpt":{"rendered":"<p>\u00bfTienes preguntas, sugerencias o comentarios? El objetivo de Topsters.com\/es es proporcionar informaci\u00f3n fiable, pron\u00f3sticos y an\u00e1lisis a los apostadores deportivos. Si tienes alguna pregunta o deseas enviarnos comentarios sobre el contenido del sitio, no dudes en contactarnos. Cont\u00e1ctanos por correo electr\u00f3nico Si tienes alguna observaci\u00f3n, consulta t\u00e9cnica o propuesta de colaboraci\u00f3n, cont\u00e1ctanos con confianza: Correo [&hellip;]<\/p>\n","protected":false},"author":2,"featured_media":0,"parent":0,"menu_order":0,"comment_status":"closed","ping_status":"closed","template":"","meta":{"_acf_changed":false,"footnotes":""},"class_list":["post-11453","page","type-page","status-publish","hentry"],"acf":[],"aioseo_notices":[],"_links":{"self":[{"href":"https:\/\/topsters.com\/es\/wp-json\/wp\/v2\/pages\/11453","targetHints":{"allow":["GET"]}}],"collection":[{"href":"https:\/\/topsters.com\/es\/wp-json\/wp\/v2\/pages"}],"about":[{"href":"https:\/\/topsters.com\/es\/wp-json\/wp\/v2\/types\/page"}],"author":[{"embeddable":true,"href":"https:\/\/topsters.com\/es\/wp-json\/wp\/v2\/users\/2"}],"replies":[{"embeddable":true,"href":"https:\/\/topsters.com\/es\/wp-json\/wp\/v2\/comments?post=11453"}],"version-history":[{"count":1,"href":"https:\/\/topsters.com\/es\/wp-json\/wp\/v2\/pages\/11453\/revisions"}],"predecessor-version":[{"id":11454,"href":"https:\/\/topsters.com\/es\/wp-json\/wp\/v2\/pages\/11453\/revisions\/11454"}],"wp:attachment":[{"href":"https:\/\/topsters.com\/es\/wp-json\/wp\/v2\/media?parent=11453"}],"curies":[{"name":"wp","href":"https:\/\/api.w.org\/{rel}","templated":true}]}}