{"id":11447,"date":"2026-03-25T10:41:45","date_gmt":"2026-03-25T10:41:45","guid":{"rendered":"http:\/\/178.104.60.165\/declaracion-de-afiliacion\/"},"modified":"2026-03-25T10:41:46","modified_gmt":"2026-03-25T10:41:46","slug":"declaracion-de-afiliacion","status":"publish","type":"page","link":"https:\/\/topsters.com\/es\/declaracion-de-afiliacion\/","title":{"rendered":"Declaraci\u00f3n de afiliaci\u00f3n"},"content":{"rendered":"\n<p><strong>Topsters.com es un sitio independiente de informaci\u00f3n sobre apuestas deportivas que elabora gu\u00edas objetivas, rese\u00f1as y contenido profesional. Algunos de los enlaces que se encuentran en el sitio web son <em>enlaces de afiliado<\/em>, lo que significa que podemos recibir una comisi\u00f3n si un usuario se registra o realiza una transacci\u00f3n a trav\u00e9s de alguno de nuestros socios.<\/strong><\/p>\n\n<h3 class=\"wp-block-heading\">\u00bfQu\u00e9 significa esto para el usuario?<\/h3>\n\n<ul class=\"wp-block-list\">\n<li>La comisi\u00f3n la recibe Topsters.com, <strong>sin ning\u00fan coste adicional para ti.<\/strong><\/li>\n\n\n\n<li>La comisi\u00f3n de afiliado <strong>no influye<\/strong> en nuestras rese\u00f1as, gu\u00edas ni clasificaciones.<\/li>\n\n\n\n<li>Evaluamos cada casa de apuestas <strong>seg\u00fan criterios independientes.<\/strong><\/li>\n<\/ul>\n\n<h3 class=\"wp-block-heading\">\u00bfPor qu\u00e9 utilizamos enlaces de afiliado?<\/h3>\n\n<p>El funcionamiento de <a href=\"https:\/\/topsters.com\/hu\/topsters-com-sportfogadas-szakertoktol-valodi-tapasztalattal\/\">Topsters.com<\/a> conlleva costes: desarrollo, creaci\u00f3n de contenido y revisi\u00f3n profesional. Las asociaciones de afiliados nos permiten seguir ofreciendo contenido gratuito y de alta calidad a los usuarios.<\/p>\n\n<h3 class=\"wp-block-heading\">\u00bfC\u00f3mo seleccionamos a nuestros socios?<\/h3>\n\n<p>Solo trabajamos con proveedores que:<\/p>\n\n<ul class=\"wp-block-list\">\n<li>cuentan con las licencias de operaci\u00f3n necesarias,<\/li>\n\n\n\n<li>son fiables y transparentes,<\/li>\n\n\n\n<li>cumplen con los requisitos de juego responsable,<\/li>\n\n\n\n<li>ofrecen soluciones de pago seguras.<\/li>\n<\/ul>\n\n<h3 class=\"wp-block-heading\">Objetividad y transparencia<\/h3>\n\n<p>Nuestra misi\u00f3n es proporcionar informaci\u00f3n real y profesionalmente fundamentada. Para ello:<\/p>\n\n<ul class=\"wp-block-list\">\n<li><strong>cada rese\u00f1a es verificada por un experto,<\/strong><\/li>\n\n\n\n<li>el enlace de afiliado <strong>no influye<\/strong> en qu\u00e9 proveedores recomendamos,<\/li>\n\n\n\n<li>indicamos los enlaces de afiliado en todo el contenido donde sea necesario,<\/li>\n\n\n\n<li>nos reservamos el derecho de modificar o eliminar contenido si el servicio del socio empeora o no cumple con las normativas.<\/li>\n<\/ul>\n\n<h3 class=\"wp-block-heading\"><strong>Juego responsable<\/strong><\/h3>\n\n<p>Todo nuestro contenido se elabora seg\u00fan <a href=\"http:\/\/www.begambleaware.org\/\">los principios del juego responsable<\/a>. No fomentamos las apuestas excesivas ni irresponsables, y en todas nuestras p\u00e1ginas destacamos que solo pueden apostar los jugadores mayores de 18 a\u00f1os.<\/p>\n\n<h3 class=\"wp-block-heading\"><strong>Contacto<\/strong><\/h3>\n\n<p>Si tienes alguna pregunta sobre nuestras relaciones de afiliaci\u00f3n, asociaciones o pol\u00edtica de transparencia, escr\u00edbenos a info@topsters.com<\/p>\n","protected":false},"excerpt":{"rendered":"<p>Topsters.com es un sitio independiente de informaci\u00f3n sobre apuestas deportivas que elabora gu\u00edas objetivas, rese\u00f1as y contenido profesional. Algunos de los enlaces que se encuentran en el sitio web son enlaces de afiliado, lo que significa que podemos recibir una comisi\u00f3n si un usuario se registra o realiza una transacci\u00f3n a trav\u00e9s de alguno de [&hellip;]<\/p>\n","protected":false},"author":2,"featured_media":0,"parent":0,"menu_order":0,"comment_status":"closed","ping_status":"closed","template":"","meta":{"_acf_changed":false,"footnotes":""},"class_list":["post-11447","page","type-page","status-publish","hentry"],"acf":[],"aioseo_notices":[],"_links":{"self":[{"href":"https:\/\/topsters.com\/es\/wp-json\/wp\/v2\/pages\/11447","targetHints":{"allow":["GET"]}}],"collection":[{"href":"https:\/\/topsters.com\/es\/wp-json\/wp\/v2\/pages"}],"about":[{"href":"https:\/\/topsters.com\/es\/wp-json\/wp\/v2\/types\/page"}],"author":[{"embeddable":true,"href":"https:\/\/topsters.com\/es\/wp-json\/wp\/v2\/users\/2"}],"replies":[{"embeddable":true,"href":"https:\/\/topsters.com\/es\/wp-json\/wp\/v2\/comments?post=11447"}],"version-history":[{"count":1,"href":"https:\/\/topsters.com\/es\/wp-json\/wp\/v2\/pages\/11447\/revisions"}],"predecessor-version":[{"id":11448,"href":"https:\/\/topsters.com\/es\/wp-json\/wp\/v2\/pages\/11447\/revisions\/11448"}],"wp:attachment":[{"href":"https:\/\/topsters.com\/es\/wp-json\/wp\/v2\/media?parent=11447"}],"curies":[{"name":"wp","href":"https:\/\/api.w.org\/{rel}","templated":true}]}}