{"id":11441,"date":"2026-02-23T10:07:05","date_gmt":"2026-02-23T10:07:05","guid":{"rendered":"http:\/\/178.104.60.165\/sobre-nosotros\/"},"modified":"2026-03-25T10:41:35","modified_gmt":"2026-03-25T10:41:35","slug":"sobre-nosotros","status":"publish","type":"page","link":"https:\/\/topsters.com\/es\/sobre-nosotros\/","title":{"rendered":"Sobre nosotros"},"content":{"rendered":"\n<p class=\"has-medium-font-size\"><strong>Topsters.com es una plataforma internacional e independiente de apuestas deportivas, cuyo objetivo es ayudar a los jugadores a tomar decisiones responsables mediante an\u00e1lisis fiables, informaci\u00f3n actualizada y experiencia experta real.<\/strong><\/p>\n\n\n<h2 class=\"wp-block-heading\">\u00bfQui\u00e9nes somos?<\/h2>\n\n\n\n<p>El equipo de Topsters.com est\u00e1 formado por expertos en apuestas deportivas, analistas y creadores de contenido con m\u00e1s de 10 a\u00f1os de experiencia en el mercado internacional de apuestas.<\/p>\n\n\n\n<p>Nuestra misi\u00f3n es:<\/p>\n\n\n\n<ul class=\"wp-block-list\">\n<li>ofrecer informaci\u00f3n transparente,<\/li>\n\n\n\n<li>hacer comparables las casas de apuestas,<\/li>\n\n\n\n<li>ayudar a los jugadores a tomar decisiones responsables,<\/li>\n\n\n\n<li>proporcionar valoraciones objetivas y libres de publicidad.<\/li>\n<\/ul>\n\n\n\n<h2 class=\"wp-block-heading\">\u00bfQu\u00e9 hacemos?<\/h2>\n\n\n\n<h3 class=\"wp-block-heading\">1. Rese\u00f1as de casas de apuestas<\/h3>\n\n\n\n<p>Comparamos los <a href=\"\/hu?page_id=22245\" title=\"\">bookmakers m\u00e1s populares<\/a>, teniendo en cuenta:<\/p>\n\n\n\n<ul class=\"wp-block-list\">\n<li>bonos<\/li>\n\n\n\n<li>calidad de las cuotas<\/li>\n\n\n\n<li>licencias<\/li>\n\n\n\n<li>aplicaci\u00f3n m\u00f3vil<\/li>\n\n\n\n<li>m\u00e9todos de dep\u00f3sito<\/li>\n\n\n\n<li>oferta de apuestas<\/li>\n<\/ul>\n\n\n\n<h3 class=\"wp-block-heading\">2. Pron\u00f3sticos y an\u00e1lisis de apuestas deportivas<\/h3>\n\n\n\n<p>Nuestros analistas experimentados comparten diariamente pron\u00f3sticos frescos y previsiones basadas en estad\u00edsticas.<\/p>\n\n\n\n<h3 class=\"wp-block-heading\">3. Gu\u00edas completas y contenido educativo<\/h3>\n\n\n\n<p>Ayudamos tanto a principiantes como a jugadores avanzados a comprender los fundamentos de las apuestas, los riesgos y las estrategias.<\/p>\n\n\n\n<h2 class=\"wp-block-heading\">\u00bfC\u00f3mo trabajamos?<\/h2>\n\n\n\n<ul class=\"wp-block-list\">\n<li>Utilizamos datos estad\u00edsticos reales<\/li>\n\n\n\n<li>Verificamos desde m\u00faltiples fuentes<\/li>\n\n\n\n<li>Todo el contenido es revisado por expertos<\/li>\n\n\n\n<li>Actualizamos regularmente<\/li>\n\n\n\n<li>Comunicamos de forma transparente nuestras relaciones de afiliaci\u00f3n<\/li>\n<\/ul>\n\n\n\n<h2 class=\"wp-block-heading\">\u00bfPor qu\u00e9 puedes confiar en nosotros?<\/h2>\n\n\n\n<ul class=\"wp-block-list\">\n<li>Somos una plataforma independiente<\/li>\n\n\n\n<li>Trabajamos con respaldo experto<\/li>\n\n\n\n<li>Llevamos a\u00f1os presentes en el mercado internacional de apuestas deportivas<\/li>\n\n\n\n<li>Nuestro objetivo no es fomentar el juego excesivo, sino promover las apuestas responsables<\/li>\n\n\n\n<li>Topsters.com ofrece contenido adaptado a la realidad espa\u00f1ola para los jugadores hispanohablantes<\/li>\n<\/ul>\n\n\n\n<h2 class=\"wp-block-heading\">Contacto<\/h2>\n\n\n\n<p>Para cualquier consulta, colaboraci\u00f3n o solicitud, escr\u00edbenos a: <strong><a>info@ver2.topsters.com<\/a><\/strong> y nuestros colegas te responder\u00e1n en el menor tiempo posible. <br><\/p>\n","protected":false},"excerpt":{"rendered":"<p>Topsters.com es una plataforma internacional e independiente de apuestas deportivas, cuyo objetivo es ayudar a los jugadores a tomar decisiones responsables mediante an\u00e1lisis fiables, informaci\u00f3n actualizada y experiencia experta real. \u00bfQui\u00e9nes somos? El equipo de Topsters.com est\u00e1 formado por expertos en apuestas deportivas, analistas y creadores de contenido con m\u00e1s de 10 a\u00f1os de experiencia [&hellip;]<\/p>\n","protected":false},"author":2,"featured_media":0,"parent":0,"menu_order":0,"comment_status":"open","ping_status":"open","template":"","meta":{"_acf_changed":false,"footnotes":""},"class_list":["post-11441","page","type-page","status-publish","hentry"],"acf":[],"aioseo_notices":[],"_links":{"self":[{"href":"https:\/\/topsters.com\/es\/wp-json\/wp\/v2\/pages\/11441","targetHints":{"allow":["GET"]}}],"collection":[{"href":"https:\/\/topsters.com\/es\/wp-json\/wp\/v2\/pages"}],"about":[{"href":"https:\/\/topsters.com\/es\/wp-json\/wp\/v2\/types\/page"}],"author":[{"embeddable":true,"href":"https:\/\/topsters.com\/es\/wp-json\/wp\/v2\/users\/2"}],"replies":[{"embeddable":true,"href":"https:\/\/topsters.com\/es\/wp-json\/wp\/v2\/comments?post=11441"}],"version-history":[{"count":1,"href":"https:\/\/topsters.com\/es\/wp-json\/wp\/v2\/pages\/11441\/revisions"}],"predecessor-version":[{"id":11442,"href":"https:\/\/topsters.com\/es\/wp-json\/wp\/v2\/pages\/11441\/revisions\/11442"}],"wp:attachment":[{"href":"https:\/\/topsters.com\/es\/wp-json\/wp\/v2\/media?parent=11441"}],"curies":[{"name":"wp","href":"https:\/\/api.w.org\/{rel}","templated":true}]}}