{"id":10753,"date":"2026-02-23T10:07:06","date_gmt":"2026-02-23T10:07:06","guid":{"rendered":"https:\/\/topsters.klasszino.com\/juego-responsable\/"},"modified":"2026-02-28T05:55:00","modified_gmt":"2026-02-28T05:55:00","slug":"juego-responsable","status":"publish","type":"page","link":"https:\/\/topsters.com\/es\/juego-responsable\/","title":{"rendered":"Juego responsable"},"content":{"rendered":"\n<p><strong>Topsters.com tiene como objetivo proporcionar a los apostadores deportivos informaci\u00f3n y an\u00e1lisis fiables. Sin embargo, es importante recalcar que las apuestas deportivas conllevan riesgos y es responsabilidad de todos los jugadores apostar de forma segura y con moderaci\u00f3n. Estamos comprometidos con la promoci\u00f3n del juego responsable y apoyamos todas las iniciativas que lo fomenten.<\/strong><\/p>\n\n<figure class=\"wp-block-image size-full\"><img decoding=\"async\" src=\"https:\/\/test.topsters.com\/wp-content\/uploads\/2026\/02\/image-51.png\" alt=\"\" class=\"wp-image-10379\"\/><\/figure>\n\n<h2 class=\"wp-block-heading\">\u00bfPor qu\u00e9 es importante el juego responsable?<\/h2>\n\n<p>Apostar es divertido y ameno, pero puede descontrolarse f\u00e1cilmente si te involucras demasiado. El objetivo del juego responsable es que las apuestas sigan siendo divertidas y seguras en todo momento, y que no causen dificultades econ\u00f3micas o mentales.<\/p>\n\n<h2 class=\"wp-block-heading\">Principios del juego responsable<\/h2>\n\n<h3 class=\"wp-block-heading\">1. Gasta solo lo que puedas permitirte<\/h3>\n\n<p>La cantidad que gastes en apuestas deportivas debe formar parte de tu presupuesto para ocio. Nunca apuestes con dinero que necesites para tus gastos cotidianos.<\/p>\n\n<h3 class=\"wp-block-heading\">2. Establece l\u00edmites<\/h3>\n\n<ul class=\"wp-block-list\">\n<li>L\u00edmite de gasto semanal o mensual<\/li>\n\n\n\n<li>L\u00edmites de tiempo<\/li>\n\n\n\n<li>L\u00edmites de dep\u00f3sito y de p\u00e9rdida<br\/>Estos ayudan a evitar el gasto excesivo y la p\u00e9rdida de control.<\/li>\n<\/ul>\n\n<h3 class=\"wp-block-heading\">3. T\u00f3mate descansos regulares<\/h3>\n\n<p>Apostar constantemente reduce la capacidad de tomar decisiones acertadas. Los descansos regulares pueden ayudarte a mantener el equilibrio.<\/p>\n\n<h3 class=\"wp-block-heading\">4. No apuestes por emoci\u00f3n<\/h3>\n\n<p>El enfado, la frustraci\u00f3n o el deseo de revancha por una p\u00e9rdida pueden llevar a malas decisiones.<\/p>\n\n<h3 class=\"wp-block-heading\">5. Sabe cu\u00e1ndo parar<\/h3>\n\n<p>Si apostar te genera m\u00e1s estr\u00e9s que diversi\u00f3n, t\u00f3mate un descanso o pide ayuda.<\/p>\n\n<h2 class=\"wp-block-heading\">Signos de adicci\u00f3n al juego<\/h2>\n\n<ul class=\"wp-block-list\">\n<li>P\u00e9rdida de control sobre el dinero<\/li>\n\n\n\n<li>Apostar grandes cantidades se vuelve cada vez m\u00e1s com\u00fan<\/li>\n\n\n\n<li>Deterioro de las relaciones personales<\/li>\n\n\n\n<li>Problemas financieros<\/li>\n\n\n\n<li>Mentiras sobre los h\u00e1bitos de apuesta<\/li>\n\n\n\n<li>La necesidad de \u201crecuperar\u201d las p\u00e9rdidas<\/li>\n<\/ul>\n\n<p>Si te identificas con varios de los signos anteriores o alguien de tu entorno lo hace, es importante pedir ayuda.<\/p>\n\n<h2 class=\"wp-block-heading\">\u00bfD\u00f3nde puedes obtener ayuda?<\/h2>\n\n<p>Organizaciones internacionales y nacionales que prestan apoyo en caso de adicci\u00f3n al juego:<\/p>\n\n<ul class=\"wp-block-list\">\n<li>GamCare: <a href=\"http:\/\/www.gamcare.org.uk\/\">www.gamcare.org.uk<\/a><\/li>\n\n\n\n<li>BeGambleAware: <a href=\"http:\/\/www.begambleaware.org\/\">www.begambleaware.org<\/a><\/li>\n\n\n\n<li>GAMSTOP: <a href=\"http:\/\/www.gamstop.co.uk\/\">www.gamstop.co.uk<\/a><\/li>\n\n\n\n<li>Jugadores An\u00f3nimos (GA):<a href=\"http:\/\/www.gamblersanonymous.org\/\"> www.gamblersanonymous.org<\/a><\/li>\n\n\n\n<li>Blue Line (EN): <a href=\"https:\/\/kek-vonal.hu\/\">kek-vonal.hu<\/a><\/li>\n\n\n\n<li>Autoridad del Juego (EN): <a href=\"https:\/\/nav.gov.hu\/\">nav.gov.hu<\/a><\/li>\n<\/ul>\n\n<h2 class=\"wp-block-heading\">Advertencia para mayores de 18 a\u00f1os<\/h2>\n\n<p>Las apuestas deportivas solo est\u00e1n disponibles para jugadores <strong>mayores de 18 a\u00f1os<\/strong>. Topsters.com no apoya ni permite el juego entre menores de edad.<\/p>\n\n<h2 class=\"wp-block-heading\">Palabras finales<\/h2>\n\n<p><a href=\"https:\/\/topsters.com\/hu\/topsters-com-sportfogadas-szakertoktol-valodi-tapasztalattal\/\">Topsters.com<\/a> tiene como objetivo hacer de las apuestas deportivas una experiencia transparente e informada para todos los jugadores. <strong>El juego responsable no es solo una recomendaci\u00f3n, sino un requisito esencial<\/strong> para garantizar que las apuestas sigan siendo seguras y agradables.<\/p>\n","protected":false},"excerpt":{"rendered":"<p>Topsters.com tiene como objetivo proporcionar a los apostadores deportivos informaci\u00f3n y an\u00e1lisis fiables. Sin embargo, es importante recalcar que las apuestas deportivas conllevan riesgos y es responsabilidad de todos los jugadores apostar de forma segura y con moderaci\u00f3n. Estamos comprometidos con la promoci\u00f3n del juego responsable y apoyamos todas las iniciativas que lo fomenten. \u00bfPor [&hellip;]<\/p>\n","protected":false},"author":3,"featured_media":0,"parent":0,"menu_order":0,"comment_status":"open","ping_status":"open","template":"","meta":{"_acf_changed":false,"footnotes":""},"class_list":["post-10753","page","type-page","status-publish","hentry"],"acf":[],"aioseo_notices":[],"_links":{"self":[{"href":"https:\/\/topsters.com\/es\/wp-json\/wp\/v2\/pages\/10753","targetHints":{"allow":["GET"]}}],"collection":[{"href":"https:\/\/topsters.com\/es\/wp-json\/wp\/v2\/pages"}],"about":[{"href":"https:\/\/topsters.com\/es\/wp-json\/wp\/v2\/types\/page"}],"author":[{"embeddable":true,"href":"https:\/\/topsters.com\/es\/wp-json\/wp\/v2\/users\/3"}],"replies":[{"embeddable":true,"href":"https:\/\/topsters.com\/es\/wp-json\/wp\/v2\/comments?post=10753"}],"version-history":[{"count":1,"href":"https:\/\/topsters.com\/es\/wp-json\/wp\/v2\/pages\/10753\/revisions"}],"predecessor-version":[{"id":10754,"href":"https:\/\/topsters.com\/es\/wp-json\/wp\/v2\/pages\/10753\/revisions\/10754"}],"wp:attachment":[{"href":"https:\/\/topsters.com\/es\/wp-json\/wp\/v2\/media?parent=10753"}],"curies":[{"name":"wp","href":"https:\/\/api.w.org\/{rel}","templated":true}]}}