{"id":10737,"date":"2026-02-23T10:07:06","date_gmt":"2026-02-23T10:07:06","guid":{"rendered":"https:\/\/topsters.klasszino.com\/nuestros-autores\/"},"modified":"2026-02-28T05:35:28","modified_gmt":"2026-02-28T05:35:28","slug":"nuestros-autores","status":"publish","type":"page","link":"https:\/\/topsters.com\/es\/nuestros-autores\/","title":{"rendered":"Nuestros autores"},"content":{"rendered":"\n<p><strong>El equipo de Topsters.com est\u00e1 formado por expertos en apuestas deportivas, analistas y creadores de contenido con experiencia, comprometidos a ofrecer a nuestros lectores gu\u00edas fiables, actualizadas y pr\u00e1cticas.<\/strong><\/p>\n\n<p>Nuestros autores tienen a\u00f1os de experiencia en apuestas deportivas, an\u00e1lisis de casas de apuestas, modelado estad\u00edstico y juego responsable. Su objetivo es producir contenido claro, transparente y profesional que aporte valor real a los apostadores, ya sean principiantes o avanzados.<\/p>\n\n<p>Todos los art\u00edculos publicados se basan en una investigaci\u00f3n exhaustiva, experiencia real y nuestras propias pruebas. Nuestros autores se esmeran en asegurar que la informaci\u00f3n sobre sitios de apuestas, bonos y estrategias sea precisa, objetiva y actualizada.<\/p>\n\n<p>El equipo de Topsters.com actualiza constantemente su contenido para garantizar que el sitio sea un punto de referencia fiable para cualquiera que desee desarrollar sus conocimientos sobre apuestas deportivas de forma responsable.<\/p>\n\n<h2 class=\"wp-block-heading\">\u00bfC\u00f3mo trabajamos?<\/h2>\n\n<p>Topsters.com tiene como objetivo proporcionar a todos los lectores informaci\u00f3n sobre apuestas deportivas que sea cre\u00edble, transparente y pr\u00e1ctica. Para lograrlo, contamos con un proceso editorial y de verificaci\u00f3n para asegurar la fiabilidad y la calidad profesional del contenido.<\/p>\n\n<p><strong>1. Investigaci\u00f3n independiente y recopilaci\u00f3n de datos<\/strong><br\/>Nuestros autores recopilan datos de varias fuentes antes de escribir cada art\u00edculo:<br\/>\u2013 informaci\u00f3n oficial de las casas de apuestas,<br\/>\u2013 documentos reglamentarios,<br\/>\u2013 bases de datos estad\u00edsticas,<br\/>\u2013 experiencias reales de usuarios.<br\/>Nuestro objetivo es asegurar que todos los hallazgos sean objetivos, f\u00e1cticos y verificables.<\/p>\n\n<p><strong>2. Pruebas reales y experiencia propia<\/strong><br\/>Probamos nuestros sitios de apuestas, bonos y caracter\u00edsticas seg\u00fan nuestro propio proceso de prueba.<br\/>Esto incluye:<br\/>\u2013 probar el proceso de registro<br\/>\u2013 pruebas reales de los t\u00e9rminos de los bonos<br\/>\u2013 probar los m\u00e9todos de dep\u00f3sito\/retiro<br\/>\u2013 evaluar las interacciones con el servicio de atenci\u00f3n al cliente<br\/>\u2013 revisar los mercados de apuestas y las cuotas<br\/>Solo publicamos experiencias que hemos obtenido de primera mano.<\/p>\n\n<p><strong>3. Supervisi\u00f3n y actualizaci\u00f3n profesional<\/strong><br\/>Todo el contenido se revisa peri\u00f3dicamente para reflejar la situaci\u00f3n actual del mercado y las condiciones cambiantes de las casas de apuestas.<br\/>Los cambios tambi\u00e9n se pueden seguir mediante la indicaci\u00f3n <strong>\u00ab\u00daltima actualizaci\u00f3n\u00bb<\/strong> al principio de cada art\u00edculo.<\/p>\n\n<p><strong>4. Objetividad e independencia<\/strong><br\/>Topsters.com no acepta rese\u00f1as pagadas ni enlaces de afiliaci\u00f3n que puedan influir en el contenido de nuestros art\u00edculos.<br\/>Si utilizamos un enlace de afiliaci\u00f3n, siempre lo indicaremos de forma transparente y <strong>nunca influir\u00e1<\/strong> en nuestras rese\u00f1as o recomendaciones.<\/p>\n\n<p><strong>5. El juego responsable, lo primero<\/strong><br\/>Nuestros autores prestan especial atenci\u00f3n a comunicar el juego responsable.<br\/>Todas nuestras gu\u00edas est\u00e1n dise\u00f1adas para ayudarte a tomar decisiones informadas, no para fomentar el juego excesivo.<\/p>\n\n<h2 class=\"wp-block-heading\">\u00bfQu\u00e9 recursos utilizamos?<\/h2>\n\n<p>El contenido de Topsters.com se basa en informaci\u00f3n fiable, verificada y actualizada. Nuestros autores utilizan \u00fanicamente fuentes que se demuestre que son cre\u00edbles y que proporcionan una base profesional para nuestras rese\u00f1as y gu\u00edas.<\/p>\n\n<p><strong>1. Informaci\u00f3n oficial de las casas de apuestas<\/strong><br\/>Todo el contenido sobre las casas de apuestas se extrae de los propios documentos p\u00fablicos de los proveedores:<br\/>\u2013 t\u00e9rminos y condiciones<br\/>\u2013 t\u00e9rminos y condiciones de los bonos<br\/>\u2013 pol\u00edticas de apuestas<br\/>\u2013 informaci\u00f3n de licencias<br\/>\u2013 descripciones de m\u00e9todos de pago<br\/>Estos se comprueban siempre antes de su publicaci\u00f3n.<\/p>\n\n<p><strong>2. Experiencia de primera mano en el proceso de registro y prueba<\/strong><br\/>Probamos los sitios de apuestas bas\u00e1ndonos en nuestro propio registro y pruebas.<br\/>Estas experiencias de primera mano son particularmente importantes para demostrar la experiencia real del usuario.<\/p>\n\n<p><strong>3. Bases de datos estad\u00edsticas y deportivas internacionales<\/strong><br\/>Nos basamos en plataformas estad\u00edsticas establecidas para producir nuestros an\u00e1lisis y gu\u00edas, incluyendo:<br\/>\u2013 estad\u00edsticas oficiales de ligas<br\/>\u2013 plataformas de recopilaci\u00f3n de datos deportivos<br\/>\u2013 sistemas de seguimiento de cuotas y mercados<br\/>Estos nos ayudan a extraer conclusiones precisas y basadas en datos.<\/p>\n\n<p><strong>4. An\u00e1lisis de expertos e informes de la industria<\/strong><br\/>Nuestros autores tambi\u00e9n supervisan las tendencias del mercado internacional de apuestas deportivas y los estudios de la industria para proporcionar un contexto m\u00e1s amplio para evaluar a los operadores y el mercado.<\/p>\n\n<p><strong>5. Comentarios de los usuarios<\/strong><br\/>Supervisamos regularmente los comentarios reales de nuestros clientes, foros, redes sociales y experiencias de servicio al cliente.<br\/>Estos nos ayudan a comprender la fiabilidad a largo plazo de nuestros proveedores de servicios.<\/p>\n\n<p><strong>6. Informaci\u00f3n reglamentaria y de licencias<\/strong><br\/>Para cada casa de apuestas, comprobamos:<br\/>\u2013 la validez de las licencias de explotaci\u00f3n<br\/>\u2013 documentos emitidos por las autoridades del juego<br\/>\u2013 cambios en el entorno legal<br\/>Estas fuentes garantizan que nuestras evaluaciones est\u00e9n en l\u00ednea con los \u00faltimos requisitos reglamentarios.<\/p>\n","protected":false},"excerpt":{"rendered":"<p>El equipo de Topsters.com est\u00e1 formado por expertos en apuestas deportivas, analistas y creadores de contenido con experiencia, comprometidos a ofrecer a nuestros lectores gu\u00edas fiables, actualizadas y pr\u00e1cticas. Nuestros autores tienen a\u00f1os de experiencia en apuestas deportivas, an\u00e1lisis de casas de apuestas, modelado estad\u00edstico y juego responsable. Su objetivo es producir contenido claro, transparente [&hellip;]<\/p>\n","protected":false},"author":3,"featured_media":0,"parent":0,"menu_order":0,"comment_status":"open","ping_status":"open","template":"","meta":{"_acf_changed":false,"footnotes":""},"class_list":["post-10737","page","type-page","status-publish","hentry"],"acf":[],"aioseo_notices":[],"_links":{"self":[{"href":"https:\/\/topsters.com\/es\/wp-json\/wp\/v2\/pages\/10737","targetHints":{"allow":["GET"]}}],"collection":[{"href":"https:\/\/topsters.com\/es\/wp-json\/wp\/v2\/pages"}],"about":[{"href":"https:\/\/topsters.com\/es\/wp-json\/wp\/v2\/types\/page"}],"author":[{"embeddable":true,"href":"https:\/\/topsters.com\/es\/wp-json\/wp\/v2\/users\/3"}],"replies":[{"embeddable":true,"href":"https:\/\/topsters.com\/es\/wp-json\/wp\/v2\/comments?post=10737"}],"version-history":[{"count":1,"href":"https:\/\/topsters.com\/es\/wp-json\/wp\/v2\/pages\/10737\/revisions"}],"predecessor-version":[{"id":10738,"href":"https:\/\/topsters.com\/es\/wp-json\/wp\/v2\/pages\/10737\/revisions\/10738"}],"wp:attachment":[{"href":"https:\/\/topsters.com\/es\/wp-json\/wp\/v2\/media?parent=10737"}],"curies":[{"name":"wp","href":"https:\/\/api.w.org\/{rel}","templated":true}]}}