{"id":10728,"date":"2026-02-23T10:07:06","date_gmt":"2026-02-23T10:07:06","guid":{"rendered":"https:\/\/topsters.klasszino.com\/aviso-legal\/"},"modified":"2026-02-28T05:24:38","modified_gmt":"2026-02-28T05:24:38","slug":"aviso-legal","status":"publish","type":"page","link":"https:\/\/topsters.com\/es\/aviso-legal\/","title":{"rendered":"Aviso legal"},"content":{"rendered":"\n<p><strong>Operador del sitio web:<\/strong><br\/>Topsters.com<br\/>Plataforma internacional de apuestas deportivas en l\u00ednea<\/p>\n\n<p><strong>Direcci\u00f3n de correo electr\u00f3nico de contacto:<\/strong><br\/><a>info@topsters.com<\/a><\/p>\n\n<p><strong>Sitio web:<\/strong><br\/><a href=\"https:\/\/topsters.com\/\">https:\/\/topsters.com<\/a><\/p>\n\n<h2 class=\"wp-block-heading\">Responsable del contenido<\/h2>\n\n<p>Topsters.com tiene como objetivo proporcionar gu\u00edas, rese\u00f1as e informaci\u00f3n transparentes y fiables sobre apuestas deportivas. El contenido de este sitio web es solo para fines informativos y no constituye asesoramiento financiero ni de apuestas.<\/p>\n\n<h2 class=\"wp-block-heading\">Propiedad intelectual<\/h2>\n\n<p>Todo el contenido de Topsters.com, incluyendo textos, logotipos, gr\u00e1ficos, rese\u00f1as y gu\u00edas, est\u00e1 protegido por derechos de autor.<\/p>\n\n<p>Cualquier uso, copia o distribuci\u00f3n del contenido est\u00e1 sujeto a la autorizaci\u00f3n previa por escrito de Topsters.com.<\/p>\n\n<h2 class=\"wp-block-heading\">Declaraci\u00f3n de responsabilidad<\/h2>\n\n<p>Topsters.com no asume ninguna responsabilidad:<\/p>\n\n<ul class=\"wp-block-list\">\n<li>por el contenido de enlaces externos,<\/li>\n\n\n\n<li>por los servicios de cada casa de apuestas,<\/li>\n\n\n\n<li>por cualquier p\u00e9rdida financiera resultante de las apuestas deportivas.<\/li>\n<\/ul>\n\n<p>Las apuestas deportivas son para mayores de 18 a\u00f1os e implican riesgo. Juega siempre de forma responsable.<\/p>\n\n<h2 class=\"wp-block-heading\"><strong>Contacto<\/strong><\/h2>\n\n<p>Todas las solicitudes legales, t\u00e9cnicas o de cooperaci\u00f3n deben dirigirse a:<br\/><strong><a>info@topsters.com<\/a><\/strong><\/p>\n\n<h2 class=\"wp-block-heading\">Derechos de autor y marcas comerciales<\/h2>\n\n<p>El nombre y el logotipo de Topsters.com son propiedad de Topsters.com. Otros nombres de marcas y logotipos son marcas comerciales de sus respectivos propietarios.<\/p>\n","protected":false},"excerpt":{"rendered":"<p>Operador del sitio web:Topsters.comPlataforma internacional de apuestas deportivas en l\u00ednea Direcci\u00f3n de correo electr\u00f3nico de contacto:info@topsters.com Sitio web:https:\/\/topsters.com Responsable del contenido Topsters.com tiene como objetivo proporcionar gu\u00edas, rese\u00f1as e informaci\u00f3n transparentes y fiables sobre apuestas deportivas. El contenido de este sitio web es solo para fines informativos y no constituye asesoramiento financiero ni de apuestas. [&hellip;]<\/p>\n","protected":false},"author":3,"featured_media":0,"parent":0,"menu_order":0,"comment_status":"open","ping_status":"open","template":"","meta":{"_acf_changed":false,"footnotes":""},"class_list":["post-10728","page","type-page","status-publish","hentry"],"acf":[],"aioseo_notices":[],"_links":{"self":[{"href":"https:\/\/topsters.com\/es\/wp-json\/wp\/v2\/pages\/10728","targetHints":{"allow":["GET"]}}],"collection":[{"href":"https:\/\/topsters.com\/es\/wp-json\/wp\/v2\/pages"}],"about":[{"href":"https:\/\/topsters.com\/es\/wp-json\/wp\/v2\/types\/page"}],"author":[{"embeddable":true,"href":"https:\/\/topsters.com\/es\/wp-json\/wp\/v2\/users\/3"}],"replies":[{"embeddable":true,"href":"https:\/\/topsters.com\/es\/wp-json\/wp\/v2\/comments?post=10728"}],"version-history":[{"count":1,"href":"https:\/\/topsters.com\/es\/wp-json\/wp\/v2\/pages\/10728\/revisions"}],"predecessor-version":[{"id":10729,"href":"https:\/\/topsters.com\/es\/wp-json\/wp\/v2\/pages\/10728\/revisions\/10729"}],"wp:attachment":[{"href":"https:\/\/topsters.com\/es\/wp-json\/wp\/v2\/media?parent=10728"}],"curies":[{"name":"wp","href":"https:\/\/api.w.org\/{rel}","templated":true}]}}