{"id":10584,"date":"2026-02-23T10:07:06","date_gmt":"2026-02-23T10:07:06","guid":{"rendered":"https:\/\/topsters.klasszino.com\/contacto\/"},"modified":"2026-03-03T09:04:28","modified_gmt":"2026-03-03T09:04:28","slug":"contacto","status":"publish","type":"page","link":"https:\/\/topsters.com\/es\/contacto\/","title":{"rendered":"Contacto"},"content":{"rendered":"\n<h2 class=\"wp-block-heading\"><strong>\u00bfTienes preguntas, sugerencias o comentarios?<\/strong><\/h2>\n\n<p>Topsters.com\/hu tiene como objetivo proporcionar a los apostadores deportivos informaci\u00f3n fiable, consejos y an\u00e1lisis. Si tienes alguna pregunta o quieres darnos tu opini\u00f3n sobre el contenido del sitio, no dudes en contactarnos.<\/p>\n\n<h2 class=\"wp-block-heading\">Cont\u00e1ctanos por correo electr\u00f3nico<\/h2>\n\n<p>Si tienes cualquier comentario, duda t\u00e9cnica o sugerencia de colaboraci\u00f3n, no dudes en ponerte en contacto con nosotros:<\/p>\n\n<p><strong>Correo electr\u00f3nico:<\/strong> <a>info@topsters.com<\/a><br\/><br\/>Nuestro objetivo es responder a todos los mensajes <strong>en un plazo de 24 a 48 horas.<\/strong><\/p>\n\n<h2 class=\"wp-block-heading\">S\u00edguenos en Facebook<\/h2>\n\n<p>Mantente al d\u00eda con los \u00faltimos consejos de apuestas deportivas, an\u00e1lisis y rese\u00f1as de casas de apuestas:<\/p>\n\n<p><strong>P\u00e1gina de Facebook:<\/strong> <a href=\"https:\/\/www.facebook.com\/profile.php?id=100065038530261\">Topsters.com Faceboo<\/a><a>k<\/a><\/p>\n\n<p>Tambi\u00e9n puedes enviarnos un mensaje por aqu\u00ed si tienes una pregunta r\u00e1pida.<\/p>\n\n<h2 class=\"wp-block-heading\">\u00bfPor qu\u00e9 contactarnos?<\/h2>\n\n<ul class=\"wp-block-list\">\n<li>Te ayudamos a navegar por el mundo de las apuestas deportivas<\/li>\n\n\n\n<li>Respondemos a todas tus preguntas sobre las agencias de apuestas<\/li>\n\n\n\n<li>Agradecemos cualquier sugerencia de consejos y art\u00edculos<\/li>\n\n\n\n<li>Te ayudamos a mejorar tu experiencia de usuario<\/li>\n<\/ul>\n","protected":false},"excerpt":{"rendered":"<p>\u00bfTienes preguntas, sugerencias o comentarios? Topsters.com\/hu tiene como objetivo proporcionar a los apostadores deportivos informaci\u00f3n fiable, consejos y an\u00e1lisis. Si tienes alguna pregunta o quieres darnos tu opini\u00f3n sobre el contenido del sitio, no dudes en contactarnos. Cont\u00e1ctanos por correo electr\u00f3nico Si tienes cualquier comentario, duda t\u00e9cnica o sugerencia de colaboraci\u00f3n, no dudes en ponerte [&hellip;]<\/p>\n","protected":false},"author":3,"featured_media":0,"parent":0,"menu_order":0,"comment_status":"open","ping_status":"open","template":"","meta":{"_acf_changed":false,"footnotes":""},"class_list":["post-10584","page","type-page","status-publish","hentry"],"acf":[],"aioseo_notices":[],"_links":{"self":[{"href":"https:\/\/topsters.com\/es\/wp-json\/wp\/v2\/pages\/10584","targetHints":{"allow":["GET"]}}],"collection":[{"href":"https:\/\/topsters.com\/es\/wp-json\/wp\/v2\/pages"}],"about":[{"href":"https:\/\/topsters.com\/es\/wp-json\/wp\/v2\/types\/page"}],"author":[{"embeddable":true,"href":"https:\/\/topsters.com\/es\/wp-json\/wp\/v2\/users\/3"}],"replies":[{"embeddable":true,"href":"https:\/\/topsters.com\/es\/wp-json\/wp\/v2\/comments?post=10584"}],"version-history":[{"count":1,"href":"https:\/\/topsters.com\/es\/wp-json\/wp\/v2\/pages\/10584\/revisions"}],"predecessor-version":[{"id":10585,"href":"https:\/\/topsters.com\/es\/wp-json\/wp\/v2\/pages\/10584\/revisions\/10585"}],"wp:attachment":[{"href":"https:\/\/topsters.com\/es\/wp-json\/wp\/v2\/media?parent=10584"}],"curies":[{"name":"wp","href":"https:\/\/api.w.org\/{rel}","templated":true}]}}