{"id":10575,"date":"2026-02-23T10:07:05","date_gmt":"2026-02-23T10:07:05","guid":{"rendered":"https:\/\/topsters.klasszino.com\/declaracion-de-afiliados\/"},"modified":"2026-03-03T09:01:02","modified_gmt":"2026-03-03T09:01:02","slug":"declaracion-de-afiliados","status":"publish","type":"page","link":"https:\/\/topsters.com\/es\/declaracion-de-afiliados\/","title":{"rendered":"Declaraci\u00f3n de afiliados"},"content":{"rendered":"\n<p><strong>Topsters.com es un sitio de informaci\u00f3n sobre apuestas deportivas independiente que elabora gu\u00edas objetivas, rese\u00f1as y contenido profesional. Algunos de los enlaces del sitio web <em>son enlaces de afiliados<\/em>, lo que significa que podemos recibir una comisi\u00f3n si un usuario se registra o realiza una transacci\u00f3n con uno de nuestros afiliados.<\/strong><\/p>\n\n<h3 class=\"wp-block-heading\">\u00bfQu\u00e9 significa esto para el usuario?<\/h3>\n\n<ul class=\"wp-block-list\">\n<li>La comisi\u00f3n se paga a Topsters.com <strong>sin ning\u00fan coste adicional para ti.<\/strong><\/li>\n\n\n\n<li>La comisi\u00f3n de afiliado <strong>no afecta<\/strong> a nuestras valoraciones, gu\u00edas o clasificaciones.<\/li>\n\n\n\n<li>Cada casa de apuestas se eval\u00faa <strong>conforme a un conjunto de criterios independientes<\/strong><\/li>\n<\/ul>\n\n<h3 class=\"wp-block-heading\">\u00bfPor qu\u00e9 utilizamos enlaces de afiliados?<\/h3>\n\n<p>El funcionamiento de <a href=\"https:\/\/topsters.com\/hu\/topsters-com-sportfogadas-szakertoktol-valodi-tapasztalattal\/\">Topsters.com<\/a> conlleva costes: desarrollo, producci\u00f3n de contenidos, revisi\u00f3n por expertos. Las asociaciones de afiliados nos permiten seguir ofreciendo a los usuarios contenidos gratuitos y de alta calidad.<\/p>\n\n<h3 class=\"wp-block-heading\">\u00bfC\u00f3mo elegimos a nuestros socios?<\/h3>\n\n<p>Solo trabajamos con proveedores de servicios que:<\/p>\n\n<ul class=\"wp-block-list\">\n<li>tienen las licencias de explotaci\u00f3n adecuadas,<\/li>\n\n\n\n<li>son fiables y transparentes,<\/li>\n\n\n\n<li>cumplen los requisitos de juego responsable,<\/li>\n\n\n\n<li>ofrecen soluciones de pago seguras<\/li>\n<\/ul>\n\n<h3 class=\"wp-block-heading\">Objetividad y transparencia<\/h3>\n\n<p>Nuestra misi\u00f3n es proporcionar informaci\u00f3n real y con base profesional. Para lograrlo:<\/p>\n\n<ul class=\"wp-block-list\">\n<li><strong>todas las evaluaciones son revisadas por un experto,<\/strong><\/li>\n\n\n\n<li>el enlace de afiliado <strong>no influye<\/strong> en qu\u00e9 proveedores recomendamos,<\/li>\n\n\n\n<li>los enlaces de afiliados se indicar\u00e1n en todo el contenido cuando corresponda,<\/li>\n\n\n\n<li>nos reservamos el derecho a modificar o eliminar contenidos si el servicio del socio se deteriora o no cumple las normas.<\/li>\n<\/ul>\n\n<h3 class=\"wp-block-heading\"><strong>Juego responsable<\/strong><\/h3>\n\n<p>Todo nuestro contenido se crea de acuerdo con <a href=\"http:\/\/www.begambleaware.org\/\">los principios del juego responsable.<\/a> No fomentamos las apuestas excesivas o irresponsables, y subrayamos en todas nuestras p\u00e1ginas que solo los jugadores mayores de 18 a\u00f1os pueden apostar.<\/p>\n\n<h3 class=\"wp-block-heading\"><strong>Contacto<\/strong><\/h3>\n\n<p>Si tienes alguna pregunta sobre nuestras relaciones de afiliaci\u00f3n, asociaciones o nuestra pol\u00edtica de transparencia, puedes ponerte en contacto con nosotros en info@topsters.com<\/p>\n","protected":false},"excerpt":{"rendered":"<p>Topsters.com es un sitio de informaci\u00f3n sobre apuestas deportivas independiente que elabora gu\u00edas objetivas, rese\u00f1as y contenido profesional. Algunos de los enlaces del sitio web son enlaces de afiliados, lo que significa que podemos recibir una comisi\u00f3n si un usuario se registra o realiza una transacci\u00f3n con uno de nuestros afiliados. \u00bfQu\u00e9 significa esto para [&hellip;]<\/p>\n","protected":false},"author":3,"featured_media":0,"parent":0,"menu_order":0,"comment_status":"open","ping_status":"open","template":"","meta":{"_acf_changed":false,"footnotes":""},"class_list":["post-10575","page","type-page","status-publish","hentry"],"acf":[],"aioseo_notices":[],"_links":{"self":[{"href":"https:\/\/topsters.com\/es\/wp-json\/wp\/v2\/pages\/10575","targetHints":{"allow":["GET"]}}],"collection":[{"href":"https:\/\/topsters.com\/es\/wp-json\/wp\/v2\/pages"}],"about":[{"href":"https:\/\/topsters.com\/es\/wp-json\/wp\/v2\/types\/page"}],"author":[{"embeddable":true,"href":"https:\/\/topsters.com\/es\/wp-json\/wp\/v2\/users\/3"}],"replies":[{"embeddable":true,"href":"https:\/\/topsters.com\/es\/wp-json\/wp\/v2\/comments?post=10575"}],"version-history":[{"count":1,"href":"https:\/\/topsters.com\/es\/wp-json\/wp\/v2\/pages\/10575\/revisions"}],"predecessor-version":[{"id":10576,"href":"https:\/\/topsters.com\/es\/wp-json\/wp\/v2\/pages\/10575\/revisions\/10576"}],"wp:attachment":[{"href":"https:\/\/topsters.com\/es\/wp-json\/wp\/v2\/media?parent=10575"}],"curies":[{"name":"wp","href":"https:\/\/api.w.org\/{rel}","templated":true}]}}