{"id":11445,"date":"2026-03-25T10:41:40","date_gmt":"2026-03-25T10:41:40","guid":{"rendered":"http:\/\/178.104.60.165\/affiliate-erklaerung\/"},"modified":"2026-03-25T10:41:41","modified_gmt":"2026-03-25T10:41:41","slug":"affiliate-erklaerung","status":"publish","type":"page","link":"https:\/\/topsters.com\/de\/affiliate-erklaerung\/","title":{"rendered":"Affiliate-Erkl\u00e4rung"},"content":{"rendered":"\n<p><strong>Topsters.com ist eine unabh\u00e4ngige Sportwetten-Informationsseite, die objektive Leitf\u00e4den, Bewertungen und fachliche Inhalte erstellt. Einige der auf der Webseite befindlichen Links sind <em>Affiliate-Links<\/em>, was bedeutet, dass wir eine Provision erhalten k\u00f6nnen, wenn ein Nutzer sich registriert oder eine Transaktion bei einem unserer Partner durchf\u00fchrt.<\/strong><\/p>\n\n<h3 class=\"wp-block-heading\">Was bedeutet das f\u00fcr den Nutzer?<\/h3>\n\n<ul class=\"wp-block-list\">\n<li>Die Provision erh\u00e4lt Topsters.com, <strong>ohne zus\u00e4tzliche Kosten f\u00fcr dich.<\/strong><\/li>\n\n\n\n<li>Die Affiliate-Provision <strong>beeinflusst nicht<\/strong> unsere Bewertungen, Leitf\u00e4den oder Rankings.<\/li>\n\n\n\n<li>Jeder Buchmacher wird <strong>nach unabh\u00e4ngigen Kriterien<\/strong> bewertet<\/li>\n<\/ul>\n\n<h3 class=\"wp-block-heading\">Warum verwenden wir Affiliate-Links?<\/h3>\n\n<p>Der Betrieb von <a href=\"https:\/\/topsters.com\/hu\/topsters-com-sportfogadas-szakertoktol-valodi-tapasztalattal\/\">Topsters.com<\/a> ist mit Kosten verbunden \u2013 Entwicklung, Content-Erstellung, fachliche \u00dcberpr\u00fcfung. Die Affiliate-Partnerschaften erm\u00f6glichen es uns, weiterhin kostenlose und hochwertige Inhalte f\u00fcr die Nutzer bereitzustellen.<\/p>\n\n<h3 class=\"wp-block-heading\">Wie w\u00e4hlen wir unsere Partner aus?<\/h3>\n\n<p>Wir arbeiten ausschlie\u00dflich mit Anbietern zusammen, die:<\/p>\n\n<ul class=\"wp-block-list\">\n<li>\u00fcber die erforderlichen Betriebslizenzen verf\u00fcgen,<\/li>\n\n\n\n<li>zuverl\u00e4ssig und transparent sind,<\/li>\n\n\n\n<li>den Anforderungen des verantwortungsvollen Spielens entsprechen,<\/li>\n\n\n\n<li>sichere Zahlungsl\u00f6sungen anbieten<\/li>\n<\/ul>\n\n<h3 class=\"wp-block-heading\">Objektivit\u00e4t und Transparenz<\/h3>\n\n<p>Unsere Mission ist es, echte, fachlich fundierte Informationen zu liefern. Zu diesem Zweck:<\/p>\n\n<ul class=\"wp-block-list\">\n<li><strong>wird jede Bewertung von einem Experten \u00fcberpr\u00fcft,<\/strong><\/li>\n\n\n\n<li>der Affiliate-Link <strong>beeinflusst nicht<\/strong>, welche Anbieter wir empfehlen,<\/li>\n\n\n\n<li>die Affiliate-Links werden in allen Inhalten gekennzeichnet, wo es erforderlich ist,<\/li>\n\n\n\n<li>wir behalten uns das Recht vor, Inhalte zu \u00e4ndern oder zu entfernen, wenn der Service des Partners nachl\u00e4sst oder nicht den Regeln entspricht.<\/li>\n<\/ul>\n\n<h3 class=\"wp-block-heading\"><strong>Verantwortungsvolles Spielen<\/strong><\/h3>\n\n<p>Alle unsere Inhalte werden <a href=\"http:\/\/www.begambleaware.org\/\">nach den Grunds\u00e4tzen des verantwortungsvollen Spielens<\/a> erstellt. Wir ermutigen nicht zu \u00fcberm\u00e4\u00dfigem oder unverantwortlichem Wetten, und auf allen unseren Seiten betonen wir, dass nur Spieler ab 18 Jahren wetten d\u00fcrfen.<\/p>\n\n<h3 class=\"wp-block-heading\"><strong>Kontakt<\/strong><\/h3>\n\n<p>Wenn du Fragen zu unseren Affiliate-Beziehungen, Partnerschaften oder unserer Transparenzrichtlinie hast, schreibe uns an info@topsters.com<\/p>\n","protected":false},"excerpt":{"rendered":"<p>Topsters.com ist eine unabh\u00e4ngige Sportwetten-Informationsseite, die objektive Leitf\u00e4den, Bewertungen und fachliche Inhalte erstellt. Einige der auf der Webseite befindlichen Links sind Affiliate-Links, was bedeutet, dass wir eine Provision erhalten k\u00f6nnen, wenn ein Nutzer sich registriert oder eine Transaktion bei einem unserer Partner durchf\u00fchrt. Was bedeutet das f\u00fcr den Nutzer? Warum verwenden wir Affiliate-Links? Der Betrieb [&hellip;]<\/p>\n","protected":false},"author":2,"featured_media":0,"parent":0,"menu_order":0,"comment_status":"closed","ping_status":"closed","template":"","meta":{"_acf_changed":false,"footnotes":""},"class_list":["post-11445","page","type-page","status-publish","hentry"],"acf":[],"aioseo_notices":[],"_links":{"self":[{"href":"https:\/\/topsters.com\/de\/wp-json\/wp\/v2\/pages\/11445","targetHints":{"allow":["GET"]}}],"collection":[{"href":"https:\/\/topsters.com\/de\/wp-json\/wp\/v2\/pages"}],"about":[{"href":"https:\/\/topsters.com\/de\/wp-json\/wp\/v2\/types\/page"}],"author":[{"embeddable":true,"href":"https:\/\/topsters.com\/de\/wp-json\/wp\/v2\/users\/2"}],"replies":[{"embeddable":true,"href":"https:\/\/topsters.com\/de\/wp-json\/wp\/v2\/comments?post=11445"}],"version-history":[{"count":1,"href":"https:\/\/topsters.com\/de\/wp-json\/wp\/v2\/pages\/11445\/revisions"}],"predecessor-version":[{"id":11446,"href":"https:\/\/topsters.com\/de\/wp-json\/wp\/v2\/pages\/11445\/revisions\/11446"}],"wp:attachment":[{"href":"https:\/\/topsters.com\/de\/wp-json\/wp\/v2\/media?parent=11445"}],"curies":[{"name":"wp","href":"https:\/\/api.w.org\/{rel}","templated":true}]}}