{"id":11439,"date":"2026-02-23T10:07:05","date_gmt":"2026-02-23T10:07:05","guid":{"rendered":"http:\/\/178.104.60.165\/ueber-uns\/"},"modified":"2026-03-25T10:41:32","modified_gmt":"2026-03-25T10:41:32","slug":"ueber-uns","status":"publish","type":"page","link":"https:\/\/topsters.com\/de\/ueber-uns\/","title":{"rendered":"\u00dcber uns"},"content":{"rendered":"\n<p class=\"has-medium-font-size\"><strong>Topsters.com ist eine unabh\u00e4ngige, internationale Sportwetten-Plattform, die Spielern durch zuverl\u00e4ssige Analysen, aktuelle Informationen und echte Fachkompetenz dabei helfen m\u00f6chte, verantwortungsvolle Entscheidungen zu treffen.<\/strong><\/p>\n\n\n<h2 class=\"wp-block-heading\">Wer sind wir?<\/h2>\n\n\n\n<p>Das Team von Topsters.com besteht aus Sportwetten-Experten, Analysten und Content-Erstellern mit mehr als 10 Jahren Erfahrung auf dem internationalen Wettmarkt.<\/p>\n\n\n\n<p>Unsere Mission ist es:<\/p>\n\n\n\n<ul class=\"wp-block-list\">\n<li>transparente Informationen bereitzustellen,<\/li>\n\n\n\n<li>Wettanbieter vergleichbar zu machen,<\/li>\n\n\n\n<li>Spielern bei verantwortungsvollen Entscheidungen zu helfen,<\/li>\n\n\n\n<li>objektive, werbefreie Bewertungen zu liefern.<\/li>\n<\/ul>\n\n\n\n<h2 class=\"wp-block-heading\">Was machen wir?<\/h2>\n\n\n\n<h3 class=\"wp-block-heading\">1. Wettanbieter-Bewertungen<\/h3>\n\n\n\n<p>Wir vergleichen die <a href=\"\/hu?page_id=22245\" title=\"\">beliebtesten Buchmacher<\/a> und ber\u00fccksichtigen dabei:<\/p>\n\n\n\n<ul class=\"wp-block-list\">\n<li>Boni<\/li>\n\n\n\n<li>Quotenqualit\u00e4t<\/li>\n\n\n\n<li>Lizenzierung<\/li>\n\n\n\n<li>Mobile App<\/li>\n\n\n\n<li>Einzahlungsmethoden<\/li>\n\n\n\n<li>Wettangebot<\/li>\n<\/ul>\n\n\n\n<h3 class=\"wp-block-heading\">2. Sportwetten-Tipps und Analysen<\/h3>\n\n\n\n<p>Unsere erfahrenen Analysten teilen t\u00e4glich frische Tipps und statistisch fundierte Prognosen.<\/p>\n\n\n\n<h3 class=\"wp-block-heading\">3. Umfassende Ratgeber und Bildungsinhalte<\/h3>\n\n\n\n<p>Wir helfen Anf\u00e4ngern und Fortgeschrittenen, die Grundlagen des Wettens, die Risiken und die Strategien zu verstehen.<\/p>\n\n\n\n<h2 class=\"wp-block-heading\">Wie arbeiten wir?<\/h2>\n\n\n\n<ul class=\"wp-block-list\">\n<li>Wir verwenden echte statistische Daten<\/li>\n\n\n\n<li>Wir pr\u00fcfen aus mehreren Quellen<\/li>\n\n\n\n<li>Alle Inhalte werden von Experten gepr\u00fcft<\/li>\n\n\n\n<li>Wir aktualisieren regelm\u00e4\u00dfig<\/li>\n\n\n\n<li>Wir kommunizieren Affiliate-Beziehungen transparent<\/li>\n<\/ul>\n\n\n\n<h2 class=\"wp-block-heading\">Warum kannst du uns vertrauen?<\/h2>\n\n\n\n<ul class=\"wp-block-list\">\n<li>Wir sind eine unabh\u00e4ngige Plattform<\/li>\n\n\n\n<li>Wir arbeiten mit fachlichem Hintergrund<\/li>\n\n\n\n<li>Wir sind seit Jahren auf dem internationalen Sportwettenmarkt pr\u00e4sent<\/li>\n\n\n\n<li>Unser Ziel ist nicht die F\u00f6rderung \u00fcberm\u00e4\u00dfigen Spielens, sondern die Unterst\u00fctzung verantwortungsvollen Wettens<\/li>\n\n\n\n<li>Topsters.com stellt Inhalte bereit, die die deutschen Verh\u00e4ltnisse ber\u00fccksichtigen und sich an deutsche Spieler richten<\/li>\n<\/ul>\n\n\n\n<h2 class=\"wp-block-heading\">Kontakt<\/h2>\n\n\n\n<p>Bei Fragen, Kooperationsanfragen oder sonstigen Anliegen schreib uns an: <strong><a>info@ver2.topsters.com<\/a><\/strong> \u2013 unsere Kollegen werden dir so schnell wie m\u00f6glich antworten! <br><\/p>\n","protected":false},"excerpt":{"rendered":"<p>Topsters.com ist eine unabh\u00e4ngige, internationale Sportwetten-Plattform, die Spielern durch zuverl\u00e4ssige Analysen, aktuelle Informationen und echte Fachkompetenz dabei helfen m\u00f6chte, verantwortungsvolle Entscheidungen zu treffen. Wer sind wir? Das Team von Topsters.com besteht aus Sportwetten-Experten, Analysten und Content-Erstellern mit mehr als 10 Jahren Erfahrung auf dem internationalen Wettmarkt. Unsere Mission ist es: Was machen wir? 1. Wettanbieter-Bewertungen [&hellip;]<\/p>\n","protected":false},"author":2,"featured_media":0,"parent":0,"menu_order":0,"comment_status":"open","ping_status":"open","template":"","meta":{"_acf_changed":false,"footnotes":""},"class_list":["post-11439","page","type-page","status-publish","hentry"],"acf":[],"aioseo_notices":[],"_links":{"self":[{"href":"https:\/\/topsters.com\/de\/wp-json\/wp\/v2\/pages\/11439","targetHints":{"allow":["GET"]}}],"collection":[{"href":"https:\/\/topsters.com\/de\/wp-json\/wp\/v2\/pages"}],"about":[{"href":"https:\/\/topsters.com\/de\/wp-json\/wp\/v2\/types\/page"}],"author":[{"embeddable":true,"href":"https:\/\/topsters.com\/de\/wp-json\/wp\/v2\/users\/2"}],"replies":[{"embeddable":true,"href":"https:\/\/topsters.com\/de\/wp-json\/wp\/v2\/comments?post=11439"}],"version-history":[{"count":1,"href":"https:\/\/topsters.com\/de\/wp-json\/wp\/v2\/pages\/11439\/revisions"}],"predecessor-version":[{"id":11440,"href":"https:\/\/topsters.com\/de\/wp-json\/wp\/v2\/pages\/11439\/revisions\/11440"}],"wp:attachment":[{"href":"https:\/\/topsters.com\/de\/wp-json\/wp\/v2\/media?parent=11439"}],"curies":[{"name":"wp","href":"https:\/\/api.w.org\/{rel}","templated":true}]}}