{"id":10747,"date":"2026-02-23T10:07:06","date_gmt":"2026-02-23T10:07:06","guid":{"rendered":"https:\/\/topsters.klasszino.com\/verantwortungsvolles-spielen\/"},"modified":"2026-02-28T05:51:48","modified_gmt":"2026-02-28T05:51:48","slug":"verantwortungsvolles-spielen","status":"publish","type":"page","link":"https:\/\/topsters.com\/de\/verantwortungsvolles-spielen\/","title":{"rendered":"Verantwortungsvolles Spielen"},"content":{"rendered":"\n<p><strong>Topsters.com m\u00f6chte Sportwetten-Fans zuverl\u00e4ssige Informationen und Analysen bieten. Es ist jedoch wichtig zu betonen, dass Sportwetten mit Risiken verbunden sind und es in der Verantwortung aller Spieler liegt, sicher und in Ma\u00dfen zu wetten. Wir setzen uns f\u00fcr verantwortungsvolles Spielen ein und unterst\u00fctzen alle Initiativen, die verantwortungsvolles Gl\u00fccksspiel f\u00f6rdern.<\/strong><\/p>\n\n<figure class=\"wp-block-image size-full\"><img decoding=\"async\" src=\"https:\/\/test.topsters.com\/wp-content\/uploads\/2026\/02\/image-51.png\" alt=\"\" class=\"wp-image-10379\"\/><\/figure>\n\n<h2 class=\"wp-block-heading\">Warum ist verantwortungsvolles Spielen wichtig?<\/h2>\n\n<p>Gl\u00fccksspiel macht Spa\u00df und ist unterhaltsam, kann aber leicht au\u00dfer Kontrolle geraten, wenn man zu sehr involviert ist. Das Ziel verantwortungsvollen Spielens ist es, Wetten jederzeit unterhaltsam und sicher zu halten und keine finanziellen oder psychischen Belastungen zu verursachen.<\/p>\n\n<h2 class=\"wp-block-heading\">Grunds\u00e4tze verantwortungsvollen Spielens<\/h2>\n\n<h3 class=\"wp-block-heading\">1. Gib nur aus, was du dir leisten kannst<\/h3>\n\n<p>Der Betrag, den du f\u00fcr Sportwetten ausgibst, sollte Teil deines Unterhaltungsbudgets sein. Wette niemals mit Geld, das du f\u00fcr allt\u00e4gliche Ausgaben ben\u00f6tigst.<\/p>\n\n<h3 class=\"wp-block-heading\">2. Setze Limits<\/h3>\n\n<ul class=\"wp-block-list\">\n<li>W\u00f6chentliche oder monatliche Ausgabenlimits<\/li>\n\n\n\n<li>Zeitlimits<\/li>\n\n\n\n<li>Einzahlungs- und Verlustlimits<br\/>Diese helfen, \u00fcberm\u00e4\u00dfige Ausgaben und Kontrollverlust zu vermeiden.<\/li>\n<\/ul>\n\n<h3 class=\"wp-block-heading\">3. Mache regelm\u00e4\u00dfig Pausen<\/h3>\n\n<p>St\u00e4ndiges Spielen verringert die F\u00e4higkeit, vern\u00fcnftige Entscheidungen zu treffen. Regelm\u00e4\u00dfige Pausen k\u00f6nnen dir helfen, die Balance zu bewahren.<\/p>\n\n<h3 class=\"wp-block-heading\">4. Wette nicht aus Emotionen heraus<\/h3>\n\n<p>Wut, Frustration oder der Wunsch nach Rache f\u00fcr Verluste k\u00f6nnen zu schlechten Entscheidungen f\u00fchren.<\/p>\n\n<h3 class=\"wp-block-heading\">5. Wisse, wann du aufh\u00f6ren solltest<\/h3>\n\n<p>Wenn Wetten mehr Stress als Spa\u00df bereitet, mache eine Pause oder hole dir Hilfe.<\/p>\n\n<h2 class=\"wp-block-heading\">Anzeichen von Spielsucht<\/h2>\n\n<ul class=\"wp-block-list\">\n<li>Kontrollverlust \u00fcber das Wetten<\/li>\n\n\n\n<li>Wetten mit hohen Betr\u00e4gen werden immer h\u00e4ufiger<\/li>\n\n\n\n<li>Verschlechterung pers\u00f6nlicher Beziehungen<\/li>\n\n\n\n<li>Finanzielle Probleme<\/li>\n\n\n\n<li>L\u00fcgen \u00fcber Wettgewohnheiten<\/li>\n\n\n\n<li>Die Notwendigkeit, Verluste \u201ewiederherzustellen\u201c<\/li>\n<\/ul>\n\n<p>Wenn mehrere der oben genannten Anzeichen auf dich oder jemanden in deinem Umfeld zutreffen, ist es wichtig, Hilfe zu suchen.<\/p>\n\n<h2 class=\"wp-block-heading\">Wo kannst du Hilfe bekommen?<\/h2>\n\n<p>Internationale und nationale Organisationen, die bei Spielsucht Unterst\u00fctzung bieten:<\/p>\n\n<ul class=\"wp-block-list\">\n<li>GamCare: <a href=\"http:\/\/www.gamcare.org.uk\/\">www.gamcare.org.uk<\/a><\/li>\n\n\n\n<li>BeGambleAware: <a href=\"http:\/\/www.begambleaware.org\/\">www.begambleaware.org<\/a><\/li>\n\n\n\n<li>GAMSTOP: <a href=\"http:\/\/www.gamstop.co.uk\/\">www.gamstop.co.uk<\/a><\/li>\n\n\n\n<li>Gamblers Anonymous (GA): <a href=\"http:\/\/www.gamblersanonymous.org\/\">www.gamblersanonymous.org<\/a><\/li>\n\n\n\n<li>Blaue Linie (HU): <a href=\"https:\/\/kek-vonal.hu\/\">kek-vonal.hu<\/a><\/li>\n\n\n\n<li>Gl\u00fccksspielbeh\u00f6rde (HU): <a href=\"https:\/\/nav.gov.hu\/\">nav.gov.hu<\/a><\/li>\n<\/ul>\n\n<h2 class=\"wp-block-heading\">18+ Hinweis<\/h2>\n\n<p>Sportwetten sind nur f\u00fcr Spieler <strong>\u00fcber 18 Jahre<\/strong> verf\u00fcgbar. Topsters.com unterst\u00fctzt oder erlaubt kein Gl\u00fccksspiel von Minderj\u00e4hrigen.<\/p>\n\n<h2 class=\"wp-block-heading\">Abschlie\u00dfende Worte<\/h2>\n\n<p><a href=\"https:\/\/topsters.com\/hu\/topsters-com-sportfogadas-szakertoktol-valodi-tapasztalattal\/\">Topsters.com<\/a> m\u00f6chte Sportwetten zu einem transparenten und informierten Erlebnis f\u00fcr alle Spieler machen. <strong>Verantwortungsvolles Spielen ist nicht nur eine Empfehlung, sondern eine wesentliche Voraussetzung<\/strong>, um sicherzustellen, dass Wetten sicher und unterhaltsam bleiben.<\/p>\n","protected":false},"excerpt":{"rendered":"<p>Topsters.com m\u00f6chte Sportwetten-Fans zuverl\u00e4ssige Informationen und Analysen bieten. Es ist jedoch wichtig zu betonen, dass Sportwetten mit Risiken verbunden sind und es in der Verantwortung aller Spieler liegt, sicher und in Ma\u00dfen zu wetten. Wir setzen uns f\u00fcr verantwortungsvolles Spielen ein und unterst\u00fctzen alle Initiativen, die verantwortungsvolles Gl\u00fccksspiel f\u00f6rdern. Warum ist verantwortungsvolles Spielen wichtig? Gl\u00fccksspiel [&hellip;]<\/p>\n","protected":false},"author":3,"featured_media":0,"parent":0,"menu_order":0,"comment_status":"open","ping_status":"open","template":"","meta":{"_acf_changed":false,"footnotes":""},"class_list":["post-10747","page","type-page","status-publish","hentry"],"acf":[],"aioseo_notices":[],"_links":{"self":[{"href":"https:\/\/topsters.com\/de\/wp-json\/wp\/v2\/pages\/10747","targetHints":{"allow":["GET"]}}],"collection":[{"href":"https:\/\/topsters.com\/de\/wp-json\/wp\/v2\/pages"}],"about":[{"href":"https:\/\/topsters.com\/de\/wp-json\/wp\/v2\/types\/page"}],"author":[{"embeddable":true,"href":"https:\/\/topsters.com\/de\/wp-json\/wp\/v2\/users\/3"}],"replies":[{"embeddable":true,"href":"https:\/\/topsters.com\/de\/wp-json\/wp\/v2\/comments?post=10747"}],"version-history":[{"count":1,"href":"https:\/\/topsters.com\/de\/wp-json\/wp\/v2\/pages\/10747\/revisions"}],"predecessor-version":[{"id":10748,"href":"https:\/\/topsters.com\/de\/wp-json\/wp\/v2\/pages\/10747\/revisions\/10748"}],"wp:attachment":[{"href":"https:\/\/topsters.com\/de\/wp-json\/wp\/v2\/media?parent=10747"}],"curies":[{"name":"wp","href":"https:\/\/api.w.org\/{rel}","templated":true}]}}