{"id":10730,"date":"2026-02-23T10:07:06","date_gmt":"2026-02-23T10:07:06","guid":{"rendered":"https:\/\/topsters.klasszino.com\/unsere-autoren\/"},"modified":"2026-02-28T05:25:23","modified_gmt":"2026-02-28T05:25:23","slug":"unsere-autoren","status":"publish","type":"page","link":"https:\/\/topsters.com\/de\/unsere-autoren\/","title":{"rendered":"Unsere Autoren"},"content":{"rendered":"\n<p><strong>Das Topsters.com-Team besteht aus erfahrenen Sportwetten-Experten, Analysten und Content-Erstellern, die sich der Bereitstellung zuverl\u00e4ssiger, aktueller und praktischer Leitf\u00e4den f\u00fcr unsere Leser verschrieben haben.<\/strong><\/p>\n\n<p>Unsere Autoren verf\u00fcgen \u00fcber jahrelange Erfahrung in den Bereichen Sportwetten, Buchmacheranalyse, statistische Modellierung und verantwortungsvolles Spielen. Ihr Ziel ist es, klare, transparente und professionelle Inhalte zu erstellen, die Wettern \u2013 ob Anf\u00e4ngern oder Fortgeschrittenen \u2013 einen echten Mehrwert bieten.<\/p>\n\n<p>Alle ver\u00f6ffentlichten Artikel basieren auf umfassender Recherche, praktischer Erfahrung und unseren eigenen Tests. Unsere Autoren achten sehr darauf, dass Informationen \u00fcber Wettseiten, Boni und Strategien genau, objektiv und aktuell sind.<\/p>\n\n<p>Das Topsters.com-Team aktualisiert seine Inhalte st\u00e4ndig, um sicherzustellen, dass die Seite ein zuverl\u00e4ssiger Bezugspunkt f\u00fcr jeden ist, der sein Sportwettenwissen verantwortungsvoll erweitern m\u00f6chte.<\/p>\n\n<h2 class=\"wp-block-heading\">Wie wir arbeiten<\/h2>\n\n<p>Topsters.com hat das Ziel, allen Lesern glaubw\u00fcrdige, transparente und praktische Sportwetteninformationen zu bieten. Um dies zu erreichen, haben wir einen Redaktions- und Verifizierungsprozess etabliert, der die Zuverl\u00e4ssigkeit und professionelle Qualit\u00e4t der Inhalte sicherstellt.<\/p>\n\n<p><strong>1. Unabh\u00e4ngige Recherche und Datenerhebung<\/strong><br\/>Unsere Autoren sammeln vor dem Verfassen jedes Artikels Daten aus mehreren Quellen:<br\/>\u2013 offizielle Buchmacherinformationen,<br\/>\u2013 regulatorische Dokumente,<br\/>\u2013 statistische Datenbanken,<br\/>\u2013 reale Nutzererfahrungen.<br\/>Unser Ziel ist es, sicherzustellen, dass alle Ergebnisse objektiv, faktisch und \u00fcberpr\u00fcfbar sind.<\/p>\n\n<p><strong>2. Echte Tests und eigene Erfahrung<\/strong><br\/>Wir testen unsere Wettseiten, Boni und Funktionen gem\u00e4\u00df unserem eigenen Testprozess.<br\/>Dies beinhaltet:<br\/>\u2013 Testen des Registrierungsprozesses<br\/>\u2013 echte Pr\u00fcfung der Bonusbedingungen<br\/>\u2013 Testen der Ein-\/Auszahlungsmethoden<br\/>\u2013 Bewertung der Kundenservice-Interaktionen<br\/>\u2013 \u00dcberpr\u00fcfung der Wettm\u00e4rkte und Quoten<br\/>Wir ver\u00f6ffentlichen nur Erfahrungen, die wir aus erster Hand gesammelt haben.<\/p>\n\n<p><strong>3. Professionelle \u00dcberwachung und Aktualisierung<\/strong><br\/>Alle Inhalte werden regelm\u00e4\u00dfig \u00fcberpr\u00fcft, um die aktuelle Marktsituation und die sich \u00e4ndernden Bedingungen der Wettanbieter widerzuspiegeln.<br\/>\u00c4nderungen k\u00f6nnen auch am <strong>\u201eZuletzt aktualisiert\u201c<\/strong>-Hinweis am Anfang jedes Artikels nachvollzogen werden.<\/p>\n\n<p><strong>4. Objektivit\u00e4t und Unabh\u00e4ngigkeit<\/strong><br\/>Topsters.com akzeptiert keine bezahlten Bewertungen oder Affiliate-Links, die den Inhalt unserer Artikel beeinflussen w\u00fcrden.<br\/>Wenn wir einen Affiliate-Link verwenden, werden wir dies immer transparent angeben, und es wird <strong>niemals<\/strong> unsere Bewertungen oder Empfehlungen beeinflussen.<\/p>\n\n<p><strong>5. Verantwortungsbewusstes Spielen im Vordergrund<\/strong><br\/>Unsere Autoren legen besonderen Wert darauf, verantwortungsbewusstes Spielen zu kommunizieren.<br\/>Alle unsere Leitf\u00e4den sollen dir helfen, fundierte Entscheidungen zu treffen, und nicht zum \u00fcberm\u00e4\u00dfigen Spielen anregen.<\/p>\n\n<h2 class=\"wp-block-heading\">Welche Ressourcen nutzen wir?<\/h2>\n\n<p>Die Inhalte von Topsters.com basieren auf zuverl\u00e4ssigen, verifizierten und aktuellen Informationen. Unsere Autoren verwenden ausschlie\u00dflich Quellen, die nachweislich glaubw\u00fcrdig sind und eine professionelle Grundlage f\u00fcr unsere Bewertungen und Leitf\u00e4den bieten.<\/p>\n\n<p><strong>1. Offizielle Buchmacherinformationen<\/strong><br\/>Alle Inhalte \u00fcber den Buchmacher stammen aus den \u00f6ffentlichen Dokumenten der Anbieter:<br\/>\u2013 Allgemeine Gesch\u00e4ftsbedingungen<br\/>\u2013 Bonusbedingungen<br\/>\u2013 Wettrichtlinien<br\/>\u2013 Lizenzinformationen<br\/>\u2013 Beschreibungen der Zahlungsmethoden<br\/>Diese werden vor der Ver\u00f6ffentlichung stets \u00fcberpr\u00fcft.<\/p>\n\n<p><strong>2. Eigene Erfahrungen aus dem Registrierungs- und Testprozess<\/strong><br\/>Wir testen Wettseiten auf Basis unserer eigenen Registrierung und Tests.<br\/>Diese Erfahrungen aus erster Hand sind besonders wichtig, um die reale Nutzererfahrung darzustellen.<\/p>\n\n<p><strong>3. Internationale Sport- und Statistikdatenbanken<\/strong><br\/>Wir verlassen uns auf etablierte Statistikplattformen, um unsere Analysen und Leitf\u00e4den zu erstellen, darunter:<br\/>\u2013 offizielle Liga-Statistiken<br\/>\u2013 Plattformen zur Erfassung von Sportdaten<br\/>\u2013 Quoten- und Markt\u00fcberwachungssysteme<br\/>Diese helfen uns, genaue, datengest\u00fctzte Schlussfolgerungen zu ziehen.<\/p>\n\n<p><strong>4. Expertenanalysen und Branchenberichte<\/strong><br\/>Unsere Autoren beobachten auch internationale Sportwetten-Markttrends und Branchenstudien, um einen breiteren Kontext f\u00fcr die Bewertung von Anbietern und dem Markt zu bieten.<\/p>\n\n<p><strong>5. Nutzerfeedback<\/strong><br\/>Wir \u00fcberwachen regelm\u00e4\u00dfig echtes Feedback unserer Kunden, Foren, soziale Medien und Kundenservice-Erfahrungen.<br\/>Diese helfen uns, die langfristige Zuverl\u00e4ssigkeit unserer Dienstleister zu verstehen.<\/p>\n\n<p><strong>6. Regulierungs- und Lizenzinformationen<\/strong><br\/>F\u00fcr jeden Wettanbieter pr\u00fcfen wir:<br\/>\u2013 die G\u00fcltigkeit der Betriebslizenzen<br\/>\u2013 von den Gl\u00fccksspielbeh\u00f6rden ausgestellte Dokumente<br\/>\u2013 \u00c4nderungen im rechtlichen Umfeld<br\/>Diese Quellen stellen sicher, dass unsere Bewertungen den neuesten regulatorischen Anforderungen entsprechen.<\/p>\n","protected":false},"excerpt":{"rendered":"<p>Das Topsters.com-Team besteht aus erfahrenen Sportwetten-Experten, Analysten und Content-Erstellern, die sich der Bereitstellung zuverl\u00e4ssiger, aktueller und praktischer Leitf\u00e4den f\u00fcr unsere Leser verschrieben haben. Unsere Autoren verf\u00fcgen \u00fcber jahrelange Erfahrung in den Bereichen Sportwetten, Buchmacheranalyse, statistische Modellierung und verantwortungsvolles Spielen. Ihr Ziel ist es, klare, transparente und professionelle Inhalte zu erstellen, die Wettern \u2013 ob Anf\u00e4ngern [&hellip;]<\/p>\n","protected":false},"author":3,"featured_media":0,"parent":0,"menu_order":0,"comment_status":"open","ping_status":"open","template":"","meta":{"_acf_changed":false,"footnotes":""},"class_list":["post-10730","page","type-page","status-publish","hentry"],"acf":[],"aioseo_notices":[],"_links":{"self":[{"href":"https:\/\/topsters.com\/de\/wp-json\/wp\/v2\/pages\/10730","targetHints":{"allow":["GET"]}}],"collection":[{"href":"https:\/\/topsters.com\/de\/wp-json\/wp\/v2\/pages"}],"about":[{"href":"https:\/\/topsters.com\/de\/wp-json\/wp\/v2\/types\/page"}],"author":[{"embeddable":true,"href":"https:\/\/topsters.com\/de\/wp-json\/wp\/v2\/users\/3"}],"replies":[{"embeddable":true,"href":"https:\/\/topsters.com\/de\/wp-json\/wp\/v2\/comments?post=10730"}],"version-history":[{"count":1,"href":"https:\/\/topsters.com\/de\/wp-json\/wp\/v2\/pages\/10730\/revisions"}],"predecessor-version":[{"id":10731,"href":"https:\/\/topsters.com\/de\/wp-json\/wp\/v2\/pages\/10730\/revisions\/10731"}],"wp:attachment":[{"href":"https:\/\/topsters.com\/de\/wp-json\/wp\/v2\/media?parent=10730"}],"curies":[{"name":"wp","href":"https:\/\/api.w.org\/{rel}","templated":true}]}}