{"id":10577,"date":"2026-02-23T10:07:06","date_gmt":"2026-02-23T10:07:06","guid":{"rendered":"https:\/\/topsters.klasszino.com\/kontakt\/"},"modified":"2026-03-03T09:04:28","modified_gmt":"2026-03-03T09:04:28","slug":"kontakt","status":"publish","type":"page","link":"https:\/\/topsters.com\/de\/kontakt\/","title":{"rendered":"Kontakt"},"content":{"rendered":"\n<h2 class=\"wp-block-heading\"><strong>Hast du Fragen, Vorschl\u00e4ge oder Feedback?<\/strong><\/h2>\n\n<p>Topsters.com\/hu m\u00f6chte Sportwetten-Fans verl\u00e4ssliche Informationen, Tipps und Analysen bieten. Wenn du Fragen hast oder uns Feedback zum Inhalt der Seite geben m\u00f6chtest, kontaktiere uns gerne. <\/p>\n\n<h2 class=\"wp-block-heading\">Kontaktiere uns per E-Mail<\/h2>\n\n<p>Wenn du Anmerkungen, technische Fragen oder Vorschl\u00e4ge f\u00fcr Partnerschaften hast, kannst du uns gerne kontaktieren:<\/p>\n\n<p><strong>E-Mail:<\/strong> <a>info@topsters.com<\/a><br\/><br\/>Wir bem\u00fchen uns, alle Nachrichten <strong>innerhalb von 24\u201348 Stunden<\/strong> zu beantworten.<\/p>\n\n<h2 class=\"wp-block-heading\">Folge uns auf Facebook<\/h2>\n\n<p>Bleib auf dem Laufenden mit den neuesten Sportwetten-Tipps, Analysen und Wettanbieter-Bewertungen:<\/p>\n\n<p><strong>Facebook-Seite:<\/strong> <a href=\"https:\/\/www.facebook.com\/profile.php?id=100065038530261\">Topsters.com Faceboo<\/a><a>k<\/a><\/p>\n\n<p>Du kannst uns hier auch eine Nachricht senden, wenn du eine kurze Frage hast.<\/p>\n\n<h2 class=\"wp-block-heading\">Warum uns kontaktieren?<\/h2>\n\n<ul class=\"wp-block-list\">\n<li>Wir helfen dir, dich in der Welt der Sportwetten zurechtzufinden<\/li>\n\n\n\n<li>Wir beantworten alle deine Fragen zu Wettanbietern<\/li>\n\n\n\n<li>Wir freuen uns \u00fcber Vorschl\u00e4ge f\u00fcr Tipps und Artikel<\/li>\n\n\n\n<li>Wir helfen dir, deine Nutzererfahrung zu verbessern<\/li>\n<\/ul>\n","protected":false},"excerpt":{"rendered":"<p>Hast du Fragen, Vorschl\u00e4ge oder Feedback? Topsters.com\/hu m\u00f6chte Sportwetten-Fans verl\u00e4ssliche Informationen, Tipps und Analysen bieten. Wenn du Fragen hast oder uns Feedback zum Inhalt der Seite geben m\u00f6chtest, kontaktiere uns gerne. Kontaktiere uns per E-Mail Wenn du Anmerkungen, technische Fragen oder Vorschl\u00e4ge f\u00fcr Partnerschaften hast, kannst du uns gerne kontaktieren: E-Mail: info@topsters.com Wir bem\u00fchen uns, [&hellip;]<\/p>\n","protected":false},"author":3,"featured_media":0,"parent":0,"menu_order":0,"comment_status":"open","ping_status":"open","template":"","meta":{"_acf_changed":false,"footnotes":""},"class_list":["post-10577","page","type-page","status-publish","hentry"],"acf":[],"aioseo_notices":[],"_links":{"self":[{"href":"https:\/\/topsters.com\/de\/wp-json\/wp\/v2\/pages\/10577","targetHints":{"allow":["GET"]}}],"collection":[{"href":"https:\/\/topsters.com\/de\/wp-json\/wp\/v2\/pages"}],"about":[{"href":"https:\/\/topsters.com\/de\/wp-json\/wp\/v2\/types\/page"}],"author":[{"embeddable":true,"href":"https:\/\/topsters.com\/de\/wp-json\/wp\/v2\/users\/3"}],"replies":[{"embeddable":true,"href":"https:\/\/topsters.com\/de\/wp-json\/wp\/v2\/comments?post=10577"}],"version-history":[{"count":1,"href":"https:\/\/topsters.com\/de\/wp-json\/wp\/v2\/pages\/10577\/revisions"}],"predecessor-version":[{"id":10578,"href":"https:\/\/topsters.com\/de\/wp-json\/wp\/v2\/pages\/10577\/revisions\/10578"}],"wp:attachment":[{"href":"https:\/\/topsters.com\/de\/wp-json\/wp\/v2\/media?parent=10577"}],"curies":[{"name":"wp","href":"https:\/\/api.w.org\/{rel}","templated":true}]}}