{"id":10569,"date":"2026-02-23T10:07:05","date_gmt":"2026-02-23T10:07:05","guid":{"rendered":"https:\/\/topsters.klasszino.com\/affiliate-hinweis\/"},"modified":"2026-03-03T09:01:02","modified_gmt":"2026-03-03T09:01:02","slug":"affiliate-hinweis","status":"publish","type":"page","link":"https:\/\/topsters.com\/de\/affiliate-hinweis\/","title":{"rendered":"Affiliate-Hinweis"},"content":{"rendered":"\n<p><strong>Topsters.com ist eine unabh\u00e4ngige Informationsseite f\u00fcr Sportwetten, die objektive Leitf\u00e4den, Reviews und professionelle Inhalte erstellt. Einige der Links auf der Website <em>sind Affiliate-Links<\/em>. Das bedeutet, dass wir eine Provision erhalten k\u00f6nnen, wenn sich ein Nutzer bei einem unserer Affiliate-Partner registriert oder eine Transaktion durchf\u00fchrt.<\/strong><\/p>\n\n<h3 class=\"wp-block-heading\">Was bedeutet das f\u00fcr dich als Nutzer?<\/h3>\n\n<ul class=\"wp-block-list\">\n<li>Die Provision wird an Topsters.com gezahlt \u2013 <strong>ohne zus\u00e4tzliche Kosten f\u00fcr dich.<\/strong><\/li>\n\n\n\n<li>Die Affiliate-Provision <strong>hat keinen Einfluss<\/strong> auf unsere Bewertungen, Richtlinien oder Rankings.<\/li>\n\n\n\n<li>Jeder Wettanbieter wird <strong>anhand eines unabh\u00e4ngigen Kriterienkatalogs<\/strong> bewertet.<\/li>\n<\/ul>\n\n<h3 class=\"wp-block-heading\">Warum verwenden wir Affiliate-Links?<\/h3>\n\n<p>Der Betrieb von <a href=\"https:\/\/topsters.com\/hu\/topsters-com-sportfogadas-szakertoktol-valodi-tapasztalattal\/\">Topsters.com<\/a> ist mit Kosten verbunden \u2013 Entwicklung, Content-Erstellung, Peer-Review. Affiliate-Partnerschaften erm\u00f6glichen es uns, Nutzern weiterhin kostenlose und hochwertige Inhalte bereitzustellen.<\/p>\n\n<h3 class=\"wp-block-heading\">Wie w\u00e4hlen wir unsere Partner aus?<\/h3>\n\n<p>Wir arbeiten nur mit Dienstleistern zusammen, die:<\/p>\n\n<ul class=\"wp-block-list\">\n<li>\u00fcber die entsprechenden Betriebslizenzen verf\u00fcgen,<\/li>\n\n\n\n<li>zuverl\u00e4ssig und transparent sind,<\/li>\n\n\n\n<li>die Anforderungen an verantwortungsbewusstes Spielen erf\u00fcllen,<\/li>\n\n\n\n<li>sichere Zahlungsl\u00f6sungen anbieten<\/li>\n<\/ul>\n\n<h3 class=\"wp-block-heading\">Objektivit\u00e4t und Transparenz<\/h3>\n\n<p>Unsere Mission ist es, echte, fachlich fundierte Informationen bereitzustellen. Um das zu erreichen:<\/p>\n\n<ul class=\"wp-block-list\">\n<li><strong>werden alle Bewertungen von einem Experten gepr\u00fcft,<\/strong><\/li>\n\n\n\n<li>hat der Affiliate-Link <strong>keinen Einfluss<\/strong> darauf, welche Anbieter wir empfehlen,<\/li>\n\n\n\n<li>werden Affiliate-Links in allen Inhalten, wo sinnvoll, gekennzeichnet,<\/li>\n\n\n\n<li>behalten wir uns das Recht vor, Inhalte zu \u00e4ndern oder zu entfernen, wenn sich der Service des Partners verschlechtert oder nicht den Regeln entspricht.<\/li>\n<\/ul>\n\n<h3 class=\"wp-block-heading\"><strong>Verantwortungsbewusstes Spielen<\/strong><\/h3>\n\n<p>Alle unsere Inhalte werden nach <a href=\"http:\/\/www.begambleaware.org\/\">den Grunds\u00e4tzen des verantwortungsbewussten Spielens<\/a> erstellt. Wir ermutigen nicht zu \u00fcberm\u00e4\u00dfigem oder unverantwortlichem Wetten und weisen auf all unseren Seiten darauf hin, dass nur Spieler ab 18 Jahren wetten d\u00fcrfen.<\/p>\n\n<h3 class=\"wp-block-heading\"><strong>Kontakt<\/strong><\/h3>\n\n<p>Wenn du Fragen zu unseren Affiliate-Beziehungen, Partnerschaften oder unserer Transparenzrichtlinie hast, kannst du uns unter info@topsters.com kontaktieren.<\/p>\n","protected":false},"excerpt":{"rendered":"<p>Topsters.com ist eine unabh\u00e4ngige Informationsseite f\u00fcr Sportwetten, die objektive Leitf\u00e4den, Reviews und professionelle Inhalte erstellt. Einige der Links auf der Website sind Affiliate-Links. Das bedeutet, dass wir eine Provision erhalten k\u00f6nnen, wenn sich ein Nutzer bei einem unserer Affiliate-Partner registriert oder eine Transaktion durchf\u00fchrt. Was bedeutet das f\u00fcr dich als Nutzer? Warum verwenden wir Affiliate-Links? [&hellip;]<\/p>\n","protected":false},"author":3,"featured_media":0,"parent":0,"menu_order":0,"comment_status":"open","ping_status":"open","template":"","meta":{"_acf_changed":false,"footnotes":""},"class_list":["post-10569","page","type-page","status-publish","hentry"],"acf":[],"aioseo_notices":[],"_links":{"self":[{"href":"https:\/\/topsters.com\/de\/wp-json\/wp\/v2\/pages\/10569","targetHints":{"allow":["GET"]}}],"collection":[{"href":"https:\/\/topsters.com\/de\/wp-json\/wp\/v2\/pages"}],"about":[{"href":"https:\/\/topsters.com\/de\/wp-json\/wp\/v2\/types\/page"}],"author":[{"embeddable":true,"href":"https:\/\/topsters.com\/de\/wp-json\/wp\/v2\/users\/3"}],"replies":[{"embeddable":true,"href":"https:\/\/topsters.com\/de\/wp-json\/wp\/v2\/comments?post=10569"}],"version-history":[{"count":1,"href":"https:\/\/topsters.com\/de\/wp-json\/wp\/v2\/pages\/10569\/revisions"}],"predecessor-version":[{"id":10570,"href":"https:\/\/topsters.com\/de\/wp-json\/wp\/v2\/pages\/10569\/revisions\/10570"}],"wp:attachment":[{"href":"https:\/\/topsters.com\/de\/wp-json\/wp\/v2\/media?parent=10569"}],"curies":[{"name":"wp","href":"https:\/\/api.w.org\/{rel}","templated":true}]}}